{"id":4660,"date":"2020-06-25T15:33:52","date_gmt":"2020-06-25T13:33:52","guid":{"rendered":"http:\/\/nowa.wzl2.mil.pl\/about-us\/partnerzy-biznesowi\/"},"modified":"2024-10-23T09:06:02","modified_gmt":"2024-10-23T07:06:02","slug":"business-partners","status":"publish","type":"page","link":"https:\/\/wzl2.mil.pl\/en\/about-us\/business-partners\/","title":{"rendered":"Business partners"},"content":{"rendered":"\t\t<div data-elementor-type=\"wp-page\" data-elementor-id=\"4660\" class=\"elementor elementor-4660 elementor-624\" data-elementor-post-type=\"page\">\n\t\t\t\t\t\t<section class=\"elementor-section elementor-top-section elementor-element elementor-element-78d614ab elementor-section-height-min-height elementor-section-boxed elementor-section-height-default elementor-section-items-middle\" data-id=\"78d614ab\" data-element_type=\"section\" data-e-type=\"section\" data-settings=\"{&quot;background_background&quot;:&quot;classic&quot;}\">\n\t\t\t\t\t\t\t<div class=\"elementor-background-overlay\"><\/div>\n\t\t\t\t\t\t\t<div class=\"elementor-container elementor-column-gap-default\">\n\t\t\t\t\t<div class=\"elementor-column elementor-col-100 elementor-top-column elementor-element elementor-element-5b5ec456\" data-id=\"5b5ec456\" data-element_type=\"column\" data-e-type=\"column\">\n\t\t\t<div class=\"elementor-widget-wrap elementor-element-populated\">\n\t\t\t\t\t\t\t<\/div>\n\t\t<\/div>\n\t\t\t\t\t<\/div>\n\t\t<\/section>\n\t\t\t\t<section class=\"elementor-section elementor-top-section elementor-element elementor-element-377fcada elementor-section-boxed elementor-section-height-default elementor-section-height-default\" data-id=\"377fcada\" data-element_type=\"section\" data-e-type=\"section\">\n\t\t\t\t\t\t<div class=\"elementor-container elementor-column-gap-default\">\n\t\t\t\t\t<div class=\"elementor-column elementor-col-50 elementor-top-column elementor-element elementor-element-a2e5839 elementor-invisible\" data-id=\"a2e5839\" data-element_type=\"column\" data-e-type=\"column\" data-settings=\"{&quot;animation&quot;:&quot;fadeInUp&quot;,&quot;animation_delay&quot;:200,&quot;animation_mobile&quot;:&quot;none&quot;}\">\n\t\t\t<div class=\"elementor-widget-wrap elementor-element-populated\">\n\t\t\t\t\t\t<div class=\"elementor-element elementor-element-290bf822 elementor-widget elementor-widget-heading\" data-id=\"290bf822\" data-element_type=\"widget\" data-e-type=\"widget\" data-widget_type=\"heading.default\">\n\t\t\t\t<div class=\"elementor-widget-container\">\n\t\t\t\t\t<h3 class=\"elementor-heading-title elementor-size-default\">Partnerzy krajowi<\/h3>\t\t\t\t<\/div>\n\t\t\t\t<\/div>\n\t\t\t\t<div class=\"elementor-element elementor-element-e1ae4fc elementor-widget-divider--view-line elementor-invisible elementor-widget elementor-widget-divider\" data-id=\"e1ae4fc\" data-element_type=\"widget\" data-e-type=\"widget\" data-settings=\"{&quot;_animation&quot;:&quot;fadeInLeft&quot;,&quot;_animation_delay&quot;:200}\" data-widget_type=\"divider.default\">\n\t\t\t\t<div class=\"elementor-widget-container\">\n\t\t\t\t\t\t\t<div class=\"elementor-divider\">\n\t\t\t<span class=\"elementor-divider-separator\">\n\t\t\t\t\t\t<\/span>\n\t\t<\/div>\n\t\t\t\t\t\t<\/div>\n\t\t\t\t<\/div>\n\t\t\t\t<div class=\"elementor-element elementor-element-34cd516d elementor-widget elementor-widget-text-editor\" data-id=\"34cd516d\" data-element_type=\"widget\" data-e-type=\"widget\" data-widget_type=\"text-editor.default\">\n\t\t\t\t<div class=\"elementor-widget-container\">\n\t\t\t\t\t\t\t\t\t<ul>\n<li>Ministerstwo Obrony Narodowej<\/li>\n<li>Wojskowy Instytut \u0141\u0105czno\u015bci<\/li>\n<li>Wojskowe Zak\u0142ady Elektroniczne S.A.<\/li>\n<li>Wojskowe Zak\u0142ady Lotnicze Nr 1 S.A.<\/li>\n<li>Wojskowe Zak\u0142ady Uzbrojenia S.A.<\/li>\n<li>Wytw\u00f3rnia Sprz\u0119tu Komunikacyjnego PZL KALISZ&nbsp;S.A.<\/li>\n<li>Wojskowe Centralne Biuro Konstrukcyjno Technologiczne&nbsp;S.A.<\/li>\n<li>PCO&nbsp;S.A.<\/li>\n<li>Huta Stalowa Wola&nbsp;S.A.<\/li>\n<li>PZL \u201cWarszawa-Ok\u0119cie\u201d&nbsp;S.A.<\/li>\n<li>Instytut Lotnictwa<\/li>\n<li>Instytut Techniczny Wojsk Lotniczych<\/li>\n<li>Wojskowa Akademia Techniczna<\/li>\n<li>Avio Polska Sp. z o.o.<\/li>\n<li>LOT Aircraft Maintenance Services&nbsp;Sp. z o.o.<\/li>\n<li>HS-Wroc\u0142aw&nbsp;Sp. z o.o.<\/li>\n<li>Cenzin&nbsp;Sp. z o.o.<\/li>\n<li>FIN Sp\u00f3\u0142ka z o.o.<\/li>\n<li>Stomil-Pozna\u0144 S.A.<\/li>\n<li>Unimor Radiocom Sp\u00f3\u0142ka z o.o.<\/li>\n<li>Mechatronika Sp\u00f3\u0142ka Jawna<\/li>\n<li>Megmar Logistics &amp; Consulting<\/li>\n<li>P.P.H.U. Arpol<\/li>\n<li>PZL Mielec\/ Sikorsky Company<\/li>\n<li>Radiotechnika Marketing Sp\u00f3\u0142ka z o.o.<\/li>\n<li>Radmor S.A.<\/li>\n<li>Stabud Przemys\u0142\u00f3wka<\/li>\n<li>Air Pol Sp\u00f3\u0142ka z o.o.<\/li>\n<li>ATM S.A.<\/li>\n<li>Biuro Studi\u00f3w i Projekt\u00f3w BIPROKABEL Sp\u00f3\u0142ka z o.o.<\/li>\n<li>Domar Sp\u00f3\u0142ka Jawna<\/li>\n<li>Arminex Trading Sp\u00f3\u0142ka z o.o.<\/li>\n<li>Cirrus Polska Sp\u00f3\u0142ka z o.o.<\/li>\n<li>P.U.H. Lechpod<\/li>\n<li>B.H. Jota Sp. z o.o.<\/li>\n<\/ul>\t\t\t\t\t\t\t\t<\/div>\n\t\t\t\t<\/div>\n\t\t\t\t\t<\/div>\n\t\t<\/div>\n\t\t\t\t<div class=\"elementor-column elementor-col-50 elementor-top-column elementor-element elementor-element-3687d25a elementor-invisible\" data-id=\"3687d25a\" data-element_type=\"column\" data-e-type=\"column\" data-settings=\"{&quot;animation&quot;:&quot;fadeInUp&quot;,&quot;animation_delay&quot;:400,&quot;animation_mobile&quot;:&quot;none&quot;}\">\n\t\t\t<div class=\"elementor-widget-wrap elementor-element-populated\">\n\t\t\t\t\t\t<div class=\"elementor-element elementor-element-f2a49f1 elementor-widget elementor-widget-heading\" data-id=\"f2a49f1\" data-element_type=\"widget\" data-e-type=\"widget\" data-widget_type=\"heading.default\">\n\t\t\t\t<div class=\"elementor-widget-container\">\n\t\t\t\t\t<h2 class=\"elementor-heading-title elementor-size-default\">Partnerzy zagraniczni<\/h2>\t\t\t\t<\/div>\n\t\t\t\t<\/div>\n\t\t\t\t<div class=\"elementor-element elementor-element-a243385 elementor-widget-divider--view-line elementor-invisible elementor-widget elementor-widget-divider\" data-id=\"a243385\" data-element_type=\"widget\" data-e-type=\"widget\" data-settings=\"{&quot;_animation&quot;:&quot;fadeInLeft&quot;,&quot;_animation_delay&quot;:200}\" data-widget_type=\"divider.default\">\n\t\t\t\t<div class=\"elementor-widget-container\">\n\t\t\t\t\t\t\t<div class=\"elementor-divider\">\n\t\t\t<span class=\"elementor-divider-separator\">\n\t\t\t\t\t\t<\/span>\n\t\t<\/div>\n\t\t\t\t\t\t<\/div>\n\t\t\t\t<\/div>\n\t\t\t\t<div class=\"elementor-element elementor-element-51fdf3da elementor-widget elementor-widget-text-editor\" data-id=\"51fdf3da\" data-element_type=\"widget\" data-e-type=\"widget\" data-widget_type=\"text-editor.default\">\n\t\t\t\t<div class=\"elementor-widget-container\">\n\t\t\t\t\t\t\t\t\t<ul><li>Pratt &amp; Whitney America<\/li><li>Pratt &amp; Whitney Canada<\/li><li>UTC Aerospace<\/li><li>Belgium Engine Center sprl<\/li><li>GE Avio S.r.l.<\/li><li>H+S Aviation<\/li><li>Lockheed Martin Company<\/li><li>Kellstrom Industries<\/li><li>Rockwell Collins UK Limited<\/li><li>Derco Aerospace Inc<\/li><li>Honeywell Aerospace<\/li><li>Aero Precision<\/li><li>BAE Systems<\/li><li>Ceska Letecka Servisni A.S.<\/li><li>Lviv State Aircraft Repair Plant<\/li><li>GP MOU \u201cLRZ MOTOR\u201d<\/li><li>Israel Aerospace Industries LTD.<\/li><li>Zaporoski Zak\u0142ad Pa\u0144stwowy \u201cMiGremont\u201d<\/li><li>K.S. Avia<\/li><li>Aeromecanica Service<\/li><li>Aventure Aviation<\/li><li>HR Smith<\/li><li>Rhode Schwartz<\/li><li>Hellenic Aerospace Industry<\/li><li>Kearsky Airways Limited<\/li><li>Sintech Inc.<\/li><li>TransTech Service<\/li><li>Odeskie Zak\u0142ady Lotnicze \u201cOdessa\u201d<\/li><li>Przedsi\u0119biorstwo Pa\u0144stwowe Specjalistyczna Firma Handlu Zagranicznego \u201cProgress\u201d<\/li><\/ul>\t\t\t\t\t\t\t\t<\/div>\n\t\t\t\t<\/div>\n\t\t\t\t\t<\/div>\n\t\t<\/div>\n\t\t\t\t\t<\/div>\n\t\t<\/section>\n\t\t\t\t<\/div>\n\t\t","protected":false},"excerpt":{"rendered":"<p>Partnerzy krajowi Ministerstwo Obrony Narodowej Wojskowy Instytut \u0141\u0105czno\u015bci Wojskowe Zak\u0142ady Elektroniczne S.A. Wojskowe Zak\u0142ady Lotnicze Nr 1 S.A. Wojskowe Zak\u0142ady Uzbrojenia S.A. Wytw\u00f3rnia Sprz\u0119tu Komunikacyjnego PZL KALISZ&nbsp;S.A. Wojskowe Centralne Biuro Konstrukcyjno Technologiczne&nbsp;S.A. PCO&nbsp;S.A. Huta Stalowa Wola&nbsp;S.A. PZL \u201cWarszawa-Ok\u0119cie\u201d&nbsp;S.A. Instytut Lotnictwa Instytut Techniczny Wojsk Lotniczych Wojskowa Akademia Techniczna Avio Polska Sp. z o.o. LOT Aircraft Maintenance [&hellip;]<\/p>\n","protected":false},"author":6,"featured_media":0,"parent":4578,"menu_order":0,"comment_status":"closed","ping_status":"closed","template":"","meta":{"footnotes":""},"class_list":["post-4660","page","type-page","status-publish","hentry"],"yoast_head":"<!-- This site is optimized with the Yoast SEO plugin v27.3 - https:\/\/yoast.com\/product\/yoast-seo-wordpress\/ -->\n<title>Business partners - Wojskowe Zak\u0142ady Lotnicze<\/title>\n<meta name=\"robots\" content=\"index, follow, max-snippet:-1, max-image-preview:large, max-video-preview:-1\" \/>\n<link rel=\"canonical\" href=\"https:\/\/wzl2.mil.pl\/en\/about-us\/business-partners\/\" \/>\n<meta property=\"og:locale\" content=\"en_US\" \/>\n<meta property=\"og:type\" content=\"article\" \/>\n<meta property=\"og:title\" content=\"Business partners - Wojskowe Zak\u0142ady Lotnicze\" \/>\n<meta property=\"og:description\" content=\"Partnerzy krajowi Ministerstwo Obrony Narodowej Wojskowy Instytut \u0141\u0105czno\u015bci Wojskowe Zak\u0142ady Elektroniczne S.A. Wojskowe Zak\u0142ady Lotnicze Nr 1 S.A. Wojskowe Zak\u0142ady Uzbrojenia S.A. Wytw\u00f3rnia Sprz\u0119tu Komunikacyjnego PZL KALISZ&nbsp;S.A. Wojskowe Centralne Biuro Konstrukcyjno Technologiczne&nbsp;S.A. PCO&nbsp;S.A. Huta Stalowa Wola&nbsp;S.A. PZL \u201cWarszawa-Ok\u0119cie\u201d&nbsp;S.A. Instytut Lotnictwa Instytut Techniczny Wojsk Lotniczych Wojskowa Akademia Techniczna Avio Polska Sp. z o.o. LOT Aircraft Maintenance [&hellip;]\" \/>\n<meta property=\"og:url\" content=\"https:\/\/wzl2.mil.pl\/en\/about-us\/business-partners\/\" \/>\n<meta property=\"og:site_name\" content=\"Wojskowe Zak\u0142ady Lotnicze\" \/>\n<meta property=\"article:modified_time\" content=\"2024-10-23T07:06:02+00:00\" \/>\n<meta name=\"twitter:card\" content=\"summary_large_image\" \/>\n<meta name=\"twitter:label1\" content=\"Est. reading time\" \/>\n\t<meta name=\"twitter:data1\" content=\"2 minutes\" \/>\n<script type=\"application\/ld+json\" class=\"yoast-schema-graph\">{\"@context\":\"https:\\\/\\\/schema.org\",\"@graph\":[{\"@type\":\"WebPage\",\"@id\":\"https:\\\/\\\/wzl2.mil.pl\\\/en\\\/about-us\\\/business-partners\\\/\",\"url\":\"https:\\\/\\\/wzl2.mil.pl\\\/en\\\/about-us\\\/business-partners\\\/\",\"name\":\"Business partners - Wojskowe Zak\u0142ady Lotnicze\",\"isPartOf\":{\"@id\":\"https:\\\/\\\/wzl2.mil.pl\\\/en\\\/#website\"},\"datePublished\":\"2020-06-25T13:33:52+00:00\",\"dateModified\":\"2024-10-23T07:06:02+00:00\",\"breadcrumb\":{\"@id\":\"https:\\\/\\\/wzl2.mil.pl\\\/en\\\/about-us\\\/business-partners\\\/#breadcrumb\"},\"inLanguage\":\"en-US\",\"potentialAction\":[{\"@type\":\"ReadAction\",\"target\":[\"https:\\\/\\\/wzl2.mil.pl\\\/en\\\/about-us\\\/business-partners\\\/\"]}]},{\"@type\":\"BreadcrumbList\",\"@id\":\"https:\\\/\\\/wzl2.mil.pl\\\/en\\\/about-us\\\/business-partners\\\/#breadcrumb\",\"itemListElement\":[{\"@type\":\"ListItem\",\"position\":1,\"name\":\"Strona g\u0142\u00f3wna\",\"item\":\"https:\\\/\\\/wzl2.mil.pl\\\/en\\\/\"},{\"@type\":\"ListItem\",\"position\":2,\"name\":\"About Us\",\"item\":\"https:\\\/\\\/wzl2.mil.pl\\\/en\\\/o-firmie\\\/\"},{\"@type\":\"ListItem\",\"position\":3,\"name\":\"Business partners\"}]},{\"@type\":\"WebSite\",\"@id\":\"https:\\\/\\\/wzl2.mil.pl\\\/en\\\/#website\",\"url\":\"https:\\\/\\\/wzl2.mil.pl\\\/en\\\/\",\"name\":\"Wojskowe Zak\u0142ady Lotnicze\",\"description\":\"\",\"publisher\":{\"@id\":\"https:\\\/\\\/wzl2.mil.pl\\\/en\\\/#organization\"},\"potentialAction\":[{\"@type\":\"SearchAction\",\"target\":{\"@type\":\"EntryPoint\",\"urlTemplate\":\"https:\\\/\\\/wzl2.mil.pl\\\/en\\\/?s={search_term_string}\"},\"query-input\":{\"@type\":\"PropertyValueSpecification\",\"valueRequired\":true,\"valueName\":\"search_term_string\"}}],\"inLanguage\":\"en-US\"},{\"@type\":\"Organization\",\"@id\":\"https:\\\/\\\/wzl2.mil.pl\\\/en\\\/#organization\",\"name\":\"Wojskowe Zak\u0142ady Lotnicze\",\"url\":\"https:\\\/\\\/wzl2.mil.pl\\\/en\\\/\",\"logo\":{\"@type\":\"ImageObject\",\"inLanguage\":\"en-US\",\"@id\":\"https:\\\/\\\/wzl2.mil.pl\\\/en\\\/#\\\/schema\\\/logo\\\/image\\\/\",\"url\":\"https:\\\/\\\/wzl2.mil.pl\\\/wp-content\\\/uploads\\\/cropped-logo_wzl-naglowek-e1679922458229.jpg\",\"contentUrl\":\"https:\\\/\\\/wzl2.mil.pl\\\/wp-content\\\/uploads\\\/cropped-logo_wzl-naglowek-e1679922458229.jpg\",\"width\":100,\"height\":100,\"caption\":\"Wojskowe Zak\u0142ady Lotnicze\"},\"image\":{\"@id\":\"https:\\\/\\\/wzl2.mil.pl\\\/en\\\/#\\\/schema\\\/logo\\\/image\\\/\"}}]}<\/script>\n<!-- \/ Yoast SEO plugin. -->","yoast_head_json":{"title":"Business partners - Wojskowe Zak\u0142ady Lotnicze","robots":{"index":"index","follow":"follow","max-snippet":"max-snippet:-1","max-image-preview":"max-image-preview:large","max-video-preview":"max-video-preview:-1"},"canonical":"https:\/\/wzl2.mil.pl\/en\/about-us\/business-partners\/","og_locale":"en_US","og_type":"article","og_title":"Business partners - Wojskowe Zak\u0142ady Lotnicze","og_description":"Partnerzy krajowi Ministerstwo Obrony Narodowej Wojskowy Instytut \u0141\u0105czno\u015bci Wojskowe Zak\u0142ady Elektroniczne S.A. Wojskowe Zak\u0142ady Lotnicze Nr 1 S.A. Wojskowe Zak\u0142ady Uzbrojenia S.A. Wytw\u00f3rnia Sprz\u0119tu Komunikacyjnego PZL KALISZ&nbsp;S.A. Wojskowe Centralne Biuro Konstrukcyjno Technologiczne&nbsp;S.A. PCO&nbsp;S.A. Huta Stalowa Wola&nbsp;S.A. PZL \u201cWarszawa-Ok\u0119cie\u201d&nbsp;S.A. Instytut Lotnictwa Instytut Techniczny Wojsk Lotniczych Wojskowa Akademia Techniczna Avio Polska Sp. z o.o. LOT Aircraft Maintenance [&hellip;]","og_url":"https:\/\/wzl2.mil.pl\/en\/about-us\/business-partners\/","og_site_name":"Wojskowe Zak\u0142ady Lotnicze","article_modified_time":"2024-10-23T07:06:02+00:00","twitter_card":"summary_large_image","twitter_misc":{"Est. reading time":"2 minutes"},"schema":{"@context":"https:\/\/schema.org","@graph":[{"@type":"WebPage","@id":"https:\/\/wzl2.mil.pl\/en\/about-us\/business-partners\/","url":"https:\/\/wzl2.mil.pl\/en\/about-us\/business-partners\/","name":"Business partners - Wojskowe Zak\u0142ady Lotnicze","isPartOf":{"@id":"https:\/\/wzl2.mil.pl\/en\/#website"},"datePublished":"2020-06-25T13:33:52+00:00","dateModified":"2024-10-23T07:06:02+00:00","breadcrumb":{"@id":"https:\/\/wzl2.mil.pl\/en\/about-us\/business-partners\/#breadcrumb"},"inLanguage":"en-US","potentialAction":[{"@type":"ReadAction","target":["https:\/\/wzl2.mil.pl\/en\/about-us\/business-partners\/"]}]},{"@type":"BreadcrumbList","@id":"https:\/\/wzl2.mil.pl\/en\/about-us\/business-partners\/#breadcrumb","itemListElement":[{"@type":"ListItem","position":1,"name":"Strona g\u0142\u00f3wna","item":"https:\/\/wzl2.mil.pl\/en\/"},{"@type":"ListItem","position":2,"name":"About Us","item":"https:\/\/wzl2.mil.pl\/en\/o-firmie\/"},{"@type":"ListItem","position":3,"name":"Business partners"}]},{"@type":"WebSite","@id":"https:\/\/wzl2.mil.pl\/en\/#website","url":"https:\/\/wzl2.mil.pl\/en\/","name":"Wojskowe Zak\u0142ady Lotnicze","description":"","publisher":{"@id":"https:\/\/wzl2.mil.pl\/en\/#organization"},"potentialAction":[{"@type":"SearchAction","target":{"@type":"EntryPoint","urlTemplate":"https:\/\/wzl2.mil.pl\/en\/?s={search_term_string}"},"query-input":{"@type":"PropertyValueSpecification","valueRequired":true,"valueName":"search_term_string"}}],"inLanguage":"en-US"},{"@type":"Organization","@id":"https:\/\/wzl2.mil.pl\/en\/#organization","name":"Wojskowe Zak\u0142ady Lotnicze","url":"https:\/\/wzl2.mil.pl\/en\/","logo":{"@type":"ImageObject","inLanguage":"en-US","@id":"https:\/\/wzl2.mil.pl\/en\/#\/schema\/logo\/image\/","url":"https:\/\/wzl2.mil.pl\/wp-content\/uploads\/cropped-logo_wzl-naglowek-e1679922458229.jpg","contentUrl":"https:\/\/wzl2.mil.pl\/wp-content\/uploads\/cropped-logo_wzl-naglowek-e1679922458229.jpg","width":100,"height":100,"caption":"Wojskowe Zak\u0142ady Lotnicze"},"image":{"@id":"https:\/\/wzl2.mil.pl\/en\/#\/schema\/logo\/image\/"}}]}},"_links":{"self":[{"href":"https:\/\/wzl2.mil.pl\/en\/wp-json\/wp\/v2\/pages\/4660","targetHints":{"allow":["GET"]}}],"collection":[{"href":"https:\/\/wzl2.mil.pl\/en\/wp-json\/wp\/v2\/pages"}],"about":[{"href":"https:\/\/wzl2.mil.pl\/en\/wp-json\/wp\/v2\/types\/page"}],"author":[{"embeddable":true,"href":"https:\/\/wzl2.mil.pl\/en\/wp-json\/wp\/v2\/users\/6"}],"replies":[{"embeddable":true,"href":"https:\/\/wzl2.mil.pl\/en\/wp-json\/wp\/v2\/comments?post=4660"}],"version-history":[{"count":7,"href":"https:\/\/wzl2.mil.pl\/en\/wp-json\/wp\/v2\/pages\/4660\/revisions"}],"predecessor-version":[{"id":11703,"href":"https:\/\/wzl2.mil.pl\/en\/wp-json\/wp\/v2\/pages\/4660\/revisions\/11703"}],"up":[{"embeddable":true,"href":"https:\/\/wzl2.mil.pl\/en\/wp-json\/wp\/v2\/pages\/4578"}],"wp:attachment":[{"href":"https:\/\/wzl2.mil.pl\/en\/wp-json\/wp\/v2\/media?parent=4660"}],"curies":[{"name":"wp","href":"https:\/\/api.w.org\/{rel}","templated":true}]}}