{"id":4793,"date":"2020-06-22T15:25:42","date_gmt":"2020-06-22T13:25:42","guid":{"rendered":"http:\/\/nowa.wzl2.mil.pl\/about-us\/wladze-spolki\/"},"modified":"2026-02-02T11:45:30","modified_gmt":"2026-02-02T10:45:30","slug":"company-authorities","status":"publish","type":"page","link":"https:\/\/wzl2.mil.pl\/en\/about-us\/company-authorities\/","title":{"rendered":"Company Authorities"},"content":{"rendered":"\t\t<div data-elementor-type=\"wp-page\" data-elementor-id=\"4793\" class=\"elementor elementor-4793 elementor-446\" data-elementor-post-type=\"page\">\n\t\t\t\t\t\t<section class=\"elementor-section elementor-top-section elementor-element elementor-element-5dad6997 elementor-section-height-min-height elementor-section-boxed elementor-section-height-default elementor-section-items-middle\" data-id=\"5dad6997\" data-element_type=\"section\" data-e-type=\"section\" data-settings=\"{&quot;background_background&quot;:&quot;classic&quot;}\">\n\t\t\t\t\t\t\t<div class=\"elementor-background-overlay\"><\/div>\n\t\t\t\t\t\t\t<div class=\"elementor-container elementor-column-gap-default\">\n\t\t\t\t\t<div class=\"elementor-column elementor-col-100 elementor-top-column elementor-element elementor-element-db1c097\" data-id=\"db1c097\" data-element_type=\"column\" data-e-type=\"column\">\n\t\t\t<div class=\"elementor-widget-wrap elementor-element-populated\">\n\t\t\t\t\t\t\t<\/div>\n\t\t<\/div>\n\t\t\t\t\t<\/div>\n\t\t<\/section>\n\t\t\t\t<section class=\"elementor-section elementor-top-section elementor-element elementor-element-e67f664 elementor-section-boxed elementor-section-height-default elementor-section-height-default\" data-id=\"e67f664\" data-element_type=\"section\" data-e-type=\"section\">\n\t\t\t\t\t\t<div class=\"elementor-container elementor-column-gap-default\">\n\t\t\t\t\t<div class=\"elementor-column elementor-col-100 elementor-top-column elementor-element elementor-element-606e956\" data-id=\"606e956\" data-element_type=\"column\" data-e-type=\"column\">\n\t\t\t<div class=\"elementor-widget-wrap elementor-element-populated\">\n\t\t\t\t\t\t<div class=\"elementor-element elementor-element-52c7aef elementor-widget elementor-widget-heading\" data-id=\"52c7aef\" data-element_type=\"widget\" data-e-type=\"widget\" data-widget_type=\"heading.default\">\n\t\t\t\t<div class=\"elementor-widget-container\">\n\t\t\t\t\t<h2 class=\"elementor-heading-title elementor-size-default\">SUPERVISORY BOARD<\/h2>\t\t\t\t<\/div>\n\t\t\t\t<\/div>\n\t\t\t\t<div class=\"elementor-element elementor-element-512f295 elementor-widget-divider--view-line elementor-widget elementor-widget-divider\" data-id=\"512f295\" data-element_type=\"widget\" data-e-type=\"widget\" data-widget_type=\"divider.default\">\n\t\t\t\t<div class=\"elementor-widget-container\">\n\t\t\t\t\t\t\t<div class=\"elementor-divider\">\n\t\t\t<span class=\"elementor-divider-separator\">\n\t\t\t\t\t\t<\/span>\n\t\t<\/div>\n\t\t\t\t\t\t<\/div>\n\t\t\t\t<\/div>\n\t\t\t\t<section class=\"elementor-section elementor-inner-section elementor-element elementor-element-1d0a088 elementor-hidden-phone elementor-section-boxed elementor-section-height-default elementor-section-height-default\" data-id=\"1d0a088\" data-element_type=\"section\" data-e-type=\"section\">\n\t\t\t\t\t\t<div class=\"elementor-container elementor-column-gap-default\">\n\t\t\t\t\t<div class=\"elementor-column elementor-col-50 elementor-inner-column elementor-element elementor-element-bab8fff\" data-id=\"bab8fff\" data-element_type=\"column\" data-e-type=\"column\">\n\t\t\t<div class=\"elementor-widget-wrap elementor-element-populated\">\n\t\t\t\t\t\t<div class=\"elementor-element elementor-element-1b54730 elementor-widget elementor-widget-text-editor\" data-id=\"1b54730\" data-element_type=\"widget\" data-e-type=\"widget\" data-widget_type=\"text-editor.default\">\n\t\t\t\t<div class=\"elementor-widget-container\">\n\t\t\t\t\t\t\t\t\t<p><strong>Rafa\u0142 Harmoza<\/strong><\/p><p>Chairman of the Supervisory Board<\/p>\t\t\t\t\t\t\t\t<\/div>\n\t\t\t\t<\/div>\n\t\t\t\t<div class=\"elementor-element elementor-element-957a025 elementor-widget elementor-widget-text-editor\" data-id=\"957a025\" data-element_type=\"widget\" data-e-type=\"widget\" data-widget_type=\"text-editor.default\">\n\t\t\t\t<div class=\"elementor-widget-container\">\n\t\t\t\t\t\t\t\t\t<p><strong>Andrzej \u017byluk<\/strong><\/p><p>Vice Chairman of the Supervisory Board<\/p>\t\t\t\t\t\t\t\t<\/div>\n\t\t\t\t<\/div>\n\t\t\t\t<div class=\"elementor-element elementor-element-40c4b30 elementor-widget elementor-widget-text-editor\" data-id=\"40c4b30\" data-element_type=\"widget\" data-e-type=\"widget\" data-widget_type=\"text-editor.default\">\n\t\t\t\t<div class=\"elementor-widget-container\">\n\t\t\t\t\t\t\t\t\t<p><strong>Zofia Barbara Szalczyk <\/strong><\/p><p>Member of the Supervisory Board<\/p>\t\t\t\t\t\t\t\t<\/div>\n\t\t\t\t<\/div>\n\t\t\t\t<div class=\"elementor-element elementor-element-65da7d3 elementor-widget elementor-widget-text-editor\" data-id=\"65da7d3\" data-element_type=\"widget\" data-e-type=\"widget\" data-widget_type=\"text-editor.default\">\n\t\t\t\t<div class=\"elementor-widget-container\">\n\t\t\t\t\t\t\t\t\t<p><strong><span style=\"font-family: 'open sans',serif;\">Ryszard Walerian D\u0119bski <\/span><\/strong><\/p><p style=\"font-variant-ligatures: normal; font-variant-caps: normal;\"><span style=\"font-family: 'open sans',serif;\">Member of the Supervisory Board<\/span><\/p>\t\t\t\t\t\t\t\t<\/div>\n\t\t\t\t<\/div>\n\t\t\t\t\t<\/div>\n\t\t<\/div>\n\t\t\t\t<div class=\"elementor-column elementor-col-50 elementor-inner-column elementor-element elementor-element-3ea6c53\" data-id=\"3ea6c53\" data-element_type=\"column\" data-e-type=\"column\">\n\t\t\t<div class=\"elementor-widget-wrap elementor-element-populated\">\n\t\t\t\t\t\t<div class=\"elementor-element elementor-element-42c04d6 elementor-widget elementor-widget-text-editor\" data-id=\"42c04d6\" data-element_type=\"widget\" data-e-type=\"widget\" data-widget_type=\"text-editor.default\">\n\t\t\t\t<div class=\"elementor-widget-container\">\n\t\t\t\t\t\t\t\t\t<p><strong>Aleksandra Dziubek <\/strong><\/p><p>Member of the Supervisory Board<\/p>\t\t\t\t\t\t\t\t<\/div>\n\t\t\t\t<\/div>\n\t\t\t\t<div class=\"elementor-element elementor-element-7d3c59e elementor-widget elementor-widget-text-editor\" data-id=\"7d3c59e\" data-element_type=\"widget\" data-e-type=\"widget\" data-widget_type=\"text-editor.default\">\n\t\t\t\t<div class=\"elementor-widget-container\">\n\t\t\t\t\t\t\t\t\t<p style=\"font-style: normal; font-variant-ligatures: normal; font-variant-caps: normal; font-weight: 500; font-family: 'Open Sans', 'open sans'; font-size: 16px;\"><strong>Piotr Lizak<\/strong><\/p><p style=\"font-style: normal; font-variant-ligatures: normal; font-variant-caps: normal; font-weight: 500; font-family: 'Open Sans', 'open sans'; font-size: 16px;\">Member of the Supervisory Board<\/p>\t\t\t\t\t\t\t\t<\/div>\n\t\t\t\t<\/div>\n\t\t\t\t<div class=\"elementor-element elementor-element-e91a1a1 elementor-widget elementor-widget-text-editor\" data-id=\"e91a1a1\" data-element_type=\"widget\" data-e-type=\"widget\" data-widget_type=\"text-editor.default\">\n\t\t\t\t<div class=\"elementor-widget-container\">\n\t\t\t\t\t\t\t\t\t<p style=\"font-style: normal; font-variant-ligatures: normal; font-variant-caps: normal; font-weight: 500; font-family: 'Open Sans', 'open sans'; font-size: 16px;\"><strong>Tomasz Fortuna<\/strong><\/p><p style=\"font-style: normal; font-variant-ligatures: normal; font-variant-caps: normal; font-weight: 500; font-family: 'Open Sans', 'open sans'; font-size: 16px;\">Member of the Supervisory Board<\/p>\t\t\t\t\t\t\t\t<\/div>\n\t\t\t\t<\/div>\n\t\t\t\t<div class=\"elementor-element elementor-element-8468036 elementor-widget elementor-widget-text-editor\" data-id=\"8468036\" data-element_type=\"widget\" data-e-type=\"widget\" data-widget_type=\"text-editor.default\">\n\t\t\t\t<div class=\"elementor-widget-container\">\n\t\t\t\t\t\t\t\t\t<p><strong>Filip Mierzwa<\/strong><\/p><p>Member of the Supervisory Board<\/p>\t\t\t\t\t\t\t\t<\/div>\n\t\t\t\t<\/div>\n\t\t\t\t\t<\/div>\n\t\t<\/div>\n\t\t\t\t\t<\/div>\n\t\t<\/section>\n\t\t\t\t<div class=\"elementor-element elementor-element-89a8c4a elementor-widget elementor-widget-heading\" data-id=\"89a8c4a\" data-element_type=\"widget\" data-e-type=\"widget\" data-widget_type=\"heading.default\">\n\t\t\t\t<div class=\"elementor-widget-container\">\n\t\t\t\t\t<h2 class=\"elementor-heading-title elementor-size-default\">MANAGEMENT BOARD<\/h2>\t\t\t\t<\/div>\n\t\t\t\t<\/div>\n\t\t\t\t<div class=\"elementor-element elementor-element-e6157e9 elementor-widget-divider--view-line_text elementor-widget-divider--element-align-center elementor-widget elementor-widget-divider\" data-id=\"e6157e9\" data-element_type=\"widget\" data-e-type=\"widget\" data-widget_type=\"divider.default\">\n\t\t\t\t<div class=\"elementor-widget-container\">\n\t\t\t\t\t\t\t<div class=\"elementor-divider\">\n\t\t\t<span class=\"elementor-divider-separator\">\n\t\t\t\t\t\t<\/span>\n\t\t<\/div>\n\t\t\t\t\t\t<\/div>\n\t\t\t\t<\/div>\n\t\t\t\t<section class=\"elementor-section elementor-inner-section elementor-element elementor-element-313b6d6 elementor-hidden-phone elementor-section-boxed elementor-section-height-default elementor-section-height-default\" data-id=\"313b6d6\" data-element_type=\"section\" data-e-type=\"section\">\n\t\t\t\t\t\t<div class=\"elementor-container elementor-column-gap-default\">\n\t\t\t\t\t<div class=\"elementor-column elementor-col-50 elementor-inner-column elementor-element elementor-element-0cdc596\" data-id=\"0cdc596\" data-element_type=\"column\" data-e-type=\"column\">\n\t\t\t<div class=\"elementor-widget-wrap elementor-element-populated\">\n\t\t\t\t\t\t<div class=\"elementor-element elementor-element-4c342ba elementor-widget elementor-widget-text-editor\" data-id=\"4c342ba\" data-element_type=\"widget\" data-e-type=\"widget\" data-widget_type=\"text-editor.default\">\n\t\t\t\t<div class=\"elementor-widget-container\">\n\t\t\t\t\t\t\t\t\t<p><strong>Jakub Gazda<\/strong><\/p><p>CEO<\/p>\t\t\t\t\t\t\t\t<\/div>\n\t\t\t\t<\/div>\n\t\t\t\t<div class=\"elementor-element elementor-element-c303f73 elementor-widget elementor-widget-text-editor\" data-id=\"c303f73\" data-element_type=\"widget\" data-e-type=\"widget\" data-widget_type=\"text-editor.default\">\n\t\t\t\t<div class=\"elementor-widget-container\">\n\t\t\t\t\t\t\t\t\t<p style=\"font-style: normal; font-variant-ligatures: normal; font-variant-caps: normal; font-weight: 500; font-family: 'Open Sans', 'open sans'; font-size: 16px;\"><strong>Zbigniew Matuszczak<br \/><\/strong><\/p><p style=\"font-style: normal; font-variant-ligatures: normal; font-variant-caps: normal; font-weight: 500; font-family: 'Open Sans', 'open sans'; font-size: 16px;\">Member of the Management Board,<\/p><p style=\"font-style: normal; font-variant-ligatures: normal; font-variant-caps: normal; font-weight: 500; font-family: 'Open Sans', 'open sans'; font-size: 16px;\">Technical Director<\/p>\t\t\t\t\t\t\t\t<\/div>\n\t\t\t\t<\/div>\n\t\t\t\t\t<\/div>\n\t\t<\/div>\n\t\t\t\t<div class=\"elementor-column elementor-col-50 elementor-inner-column elementor-element elementor-element-545e4fd\" data-id=\"545e4fd\" data-element_type=\"column\" data-e-type=\"column\">\n\t\t\t<div class=\"elementor-widget-wrap elementor-element-populated\">\n\t\t\t\t\t\t<div class=\"elementor-element elementor-element-dd5cd00 elementor-widget elementor-widget-text-editor\" data-id=\"dd5cd00\" data-element_type=\"widget\" data-e-type=\"widget\" data-widget_type=\"text-editor.default\">\n\t\t\t\t<div class=\"elementor-widget-container\">\n\t\t\t\t\t\t\t\t\t<p style=\"font-style: normal; font-variant-ligatures: normal; font-variant-caps: normal; font-weight: 500; font-family: 'Open Sans', 'open sans'; font-size: 16px;\"><strong>Barbara Palmowska<br \/><\/strong><\/p><p style=\"font-style: normal; font-variant-ligatures: normal; font-variant-caps: normal; font-weight: 500; font-family: 'Open Sans', 'open sans'; font-size: 16px;\">Member of the Management Board,\u00a0<\/p><p style=\"font-style: normal; font-variant-ligatures: normal; font-variant-caps: normal; font-weight: 500; font-family: 'Open Sans', 'open sans'; font-size: 16px;\">Infrastructure Director<\/p>\t\t\t\t\t\t\t\t<\/div>\n\t\t\t\t<\/div>\n\t\t\t\t\t<\/div>\n\t\t<\/div>\n\t\t\t\t\t<\/div>\n\t\t<\/section>\n\t\t\t\t<div class=\"elementor-element elementor-element-6cc331e elementor-widget elementor-widget-heading\" data-id=\"6cc331e\" data-element_type=\"widget\" data-e-type=\"widget\" data-widget_type=\"heading.default\">\n\t\t\t\t<div class=\"elementor-widget-container\">\n\t\t\t\t\t<h2 class=\"elementor-heading-title elementor-size-default\">Directors<\/h2>\t\t\t\t<\/div>\n\t\t\t\t<\/div>\n\t\t\t\t<div class=\"elementor-element elementor-element-538c638 elementor-widget-divider--view-line_text elementor-widget-divider--element-align-center elementor-widget elementor-widget-divider\" data-id=\"538c638\" data-element_type=\"widget\" data-e-type=\"widget\" data-widget_type=\"divider.default\">\n\t\t\t\t<div class=\"elementor-widget-container\">\n\t\t\t\t\t\t\t<div class=\"elementor-divider\">\n\t\t\t<span class=\"elementor-divider-separator\">\n\t\t\t\t\t\t<\/span>\n\t\t<\/div>\n\t\t\t\t\t\t<\/div>\n\t\t\t\t<\/div>\n\t\t\t\t<section class=\"elementor-section elementor-inner-section elementor-element elementor-element-0e95c59 elementor-hidden-phone elementor-section-boxed elementor-section-height-default elementor-section-height-default\" data-id=\"0e95c59\" data-element_type=\"section\" data-e-type=\"section\">\n\t\t\t\t\t\t<div class=\"elementor-container elementor-column-gap-default\">\n\t\t\t\t\t<div class=\"elementor-column elementor-col-50 elementor-inner-column elementor-element elementor-element-71c4f82\" data-id=\"71c4f82\" data-element_type=\"column\" data-e-type=\"column\">\n\t\t\t<div class=\"elementor-widget-wrap elementor-element-populated\">\n\t\t\t\t\t\t<div class=\"elementor-element elementor-element-b053461 elementor-widget elementor-widget-text-editor\" data-id=\"b053461\" data-element_type=\"widget\" data-e-type=\"widget\" data-widget_type=\"text-editor.default\">\n\t\t\t\t<div class=\"elementor-widget-container\">\n\t\t\t\t\t\t\t\t\t<p><strong>Magdalena Suplicka<\/strong><\/p><p>Commercial Director<\/p>\t\t\t\t\t\t\t\t<\/div>\n\t\t\t\t<\/div>\n\t\t\t\t<div class=\"elementor-element elementor-element-48c8d44 elementor-widget elementor-widget-text-editor\" data-id=\"48c8d44\" data-element_type=\"widget\" data-e-type=\"widget\" data-widget_type=\"text-editor.default\">\n\t\t\t\t<div class=\"elementor-widget-container\">\n\t\t\t\t\t\t\t\t\t<p><strong>Piotr Czy\u017cak<\/strong><\/p><p>Director of the Military Aviation Department<\/p>\t\t\t\t\t\t\t\t<\/div>\n\t\t\t\t<\/div>\n\t\t\t\t<div class=\"elementor-element elementor-element-a861ac8 elementor-widget elementor-widget-text-editor\" data-id=\"a861ac8\" data-element_type=\"widget\" data-e-type=\"widget\" data-widget_type=\"text-editor.default\">\n\t\t\t\t<div class=\"elementor-widget-container\">\n\t\t\t\t\t\t\t\t\t<p><strong>Adam Suplicki<br \/><\/strong><\/p><p>Director of the Unmanned Aerial Vehicles Department<\/p>\t\t\t\t\t\t\t\t<\/div>\n\t\t\t\t<\/div>\n\t\t\t\t\t<\/div>\n\t\t<\/div>\n\t\t\t\t<div class=\"elementor-column elementor-col-50 elementor-inner-column elementor-element elementor-element-1cb465f\" data-id=\"1cb465f\" data-element_type=\"column\" data-e-type=\"column\">\n\t\t\t<div class=\"elementor-widget-wrap elementor-element-populated\">\n\t\t\t\t\t\t<div class=\"elementor-element elementor-element-184eb3d elementor-widget elementor-widget-text-editor\" data-id=\"184eb3d\" data-element_type=\"widget\" data-e-type=\"widget\" data-widget_type=\"text-editor.default\">\n\t\t\t\t<div class=\"elementor-widget-container\">\n\t\t\t\t\t\t\t\t\t<p><strong>Piotr Biskup<\/strong><\/p><p>Acting Director of the Civil Aviation<\/p>\t\t\t\t\t\t\t\t<\/div>\n\t\t\t\t<\/div>\n\t\t\t\t<div class=\"elementor-element elementor-element-f2e8181 elementor-widget elementor-widget-text-editor\" data-id=\"f2e8181\" data-element_type=\"widget\" data-e-type=\"widget\" data-widget_type=\"text-editor.default\">\n\t\t\t\t<div class=\"elementor-widget-container\">\n\t\t\t\t\t\t\t\t\t<p><strong>Dariusz Maj<\/strong><\/p><p>Director of Aircraft Propulsion Production<\/p>\t\t\t\t\t\t\t\t<\/div>\n\t\t\t\t<\/div>\n\t\t\t\t\t<\/div>\n\t\t<\/div>\n\t\t\t\t\t<\/div>\n\t\t<\/section>\n\t\t\t\t\t<\/div>\n\t\t<\/div>\n\t\t\t\t\t<\/div>\n\t\t<\/section>\n\t\t\t\t<\/div>\n\t\t","protected":false},"excerpt":{"rendered":"<p>SUPERVISORY BOARD Rafa\u0142 Harmoza Chairman of the Supervisory Board Andrzej \u017byluk Vice Chairman of the Supervisory Board Zofia Barbara Szalczyk Member of the Supervisory Board Ryszard Walerian D\u0119bski Member of the Supervisory Board Aleksandra Dziubek Member of the Supervisory Board Piotr Lizak Member of the Supervisory Board Tomasz Fortuna Member of the Supervisory Board Filip [&hellip;]<\/p>\n","protected":false},"author":6,"featured_media":0,"parent":4578,"menu_order":0,"comment_status":"closed","ping_status":"closed","template":"","meta":{"footnotes":""},"class_list":["post-4793","page","type-page","status-publish","hentry"],"yoast_head":"<!-- This site is optimized with the Yoast SEO plugin v27.5 - https:\/\/yoast.com\/product\/yoast-seo-wordpress\/ -->\n<title>Company Authorities - Wojskowe Zak\u0142ady Lotnicze<\/title>\n<meta name=\"robots\" content=\"index, follow, max-snippet:-1, max-image-preview:large, max-video-preview:-1\" \/>\n<link rel=\"canonical\" href=\"https:\/\/wzl2.mil.pl\/en\/about-us\/company-authorities\/\" \/>\n<meta property=\"og:locale\" content=\"en_US\" \/>\n<meta property=\"og:type\" content=\"article\" \/>\n<meta property=\"og:title\" content=\"Company Authorities - Wojskowe Zak\u0142ady Lotnicze\" \/>\n<meta property=\"og:description\" content=\"SUPERVISORY BOARD Rafa\u0142 Harmoza Chairman of the Supervisory Board Andrzej \u017byluk Vice Chairman of the Supervisory Board Zofia Barbara Szalczyk Member of the Supervisory Board Ryszard Walerian D\u0119bski Member of the Supervisory Board Aleksandra Dziubek Member of the Supervisory Board Piotr Lizak Member of the Supervisory Board Tomasz Fortuna Member of the Supervisory Board Filip [&hellip;]\" \/>\n<meta property=\"og:url\" content=\"https:\/\/wzl2.mil.pl\/en\/about-us\/company-authorities\/\" \/>\n<meta property=\"og:site_name\" content=\"Wojskowe Zak\u0142ady Lotnicze\" \/>\n<meta property=\"article:modified_time\" content=\"2026-02-02T10:45:30+00:00\" \/>\n<meta name=\"twitter:card\" content=\"summary_large_image\" \/>\n<meta name=\"twitter:label1\" content=\"Est. reading time\" \/>\n\t<meta name=\"twitter:data1\" content=\"1 minute\" \/>\n<script type=\"application\/ld+json\" class=\"yoast-schema-graph\">{\"@context\":\"https:\\\/\\\/schema.org\",\"@graph\":[{\"@type\":\"WebPage\",\"@id\":\"https:\\\/\\\/wzl2.mil.pl\\\/en\\\/about-us\\\/company-authorities\\\/\",\"url\":\"https:\\\/\\\/wzl2.mil.pl\\\/en\\\/about-us\\\/company-authorities\\\/\",\"name\":\"Company Authorities - Wojskowe Zak\u0142ady Lotnicze\",\"isPartOf\":{\"@id\":\"https:\\\/\\\/wzl2.mil.pl\\\/en\\\/#website\"},\"datePublished\":\"2020-06-22T13:25:42+00:00\",\"dateModified\":\"2026-02-02T10:45:30+00:00\",\"breadcrumb\":{\"@id\":\"https:\\\/\\\/wzl2.mil.pl\\\/en\\\/about-us\\\/company-authorities\\\/#breadcrumb\"},\"inLanguage\":\"en-US\",\"potentialAction\":[{\"@type\":\"ReadAction\",\"target\":[\"https:\\\/\\\/wzl2.mil.pl\\\/en\\\/about-us\\\/company-authorities\\\/\"]}]},{\"@type\":\"BreadcrumbList\",\"@id\":\"https:\\\/\\\/wzl2.mil.pl\\\/en\\\/about-us\\\/company-authorities\\\/#breadcrumb\",\"itemListElement\":[{\"@type\":\"ListItem\",\"position\":1,\"name\":\"Strona g\u0142\u00f3wna\",\"item\":\"https:\\\/\\\/wzl2.mil.pl\\\/en\\\/\"},{\"@type\":\"ListItem\",\"position\":2,\"name\":\"About Us\",\"item\":\"https:\\\/\\\/wzl2.mil.pl\\\/en\\\/o-firmie\\\/\"},{\"@type\":\"ListItem\",\"position\":3,\"name\":\"Company Authorities\"}]},{\"@type\":\"WebSite\",\"@id\":\"https:\\\/\\\/wzl2.mil.pl\\\/en\\\/#website\",\"url\":\"https:\\\/\\\/wzl2.mil.pl\\\/en\\\/\",\"name\":\"Wojskowe Zak\u0142ady Lotnicze\",\"description\":\"\",\"publisher\":{\"@id\":\"https:\\\/\\\/wzl2.mil.pl\\\/en\\\/#organization\"},\"potentialAction\":[{\"@type\":\"SearchAction\",\"target\":{\"@type\":\"EntryPoint\",\"urlTemplate\":\"https:\\\/\\\/wzl2.mil.pl\\\/en\\\/?s={search_term_string}\"},\"query-input\":{\"@type\":\"PropertyValueSpecification\",\"valueRequired\":true,\"valueName\":\"search_term_string\"}}],\"inLanguage\":\"en-US\"},{\"@type\":\"Organization\",\"@id\":\"https:\\\/\\\/wzl2.mil.pl\\\/en\\\/#organization\",\"name\":\"Wojskowe Zak\u0142ady Lotnicze\",\"url\":\"https:\\\/\\\/wzl2.mil.pl\\\/en\\\/\",\"logo\":{\"@type\":\"ImageObject\",\"inLanguage\":\"en-US\",\"@id\":\"https:\\\/\\\/wzl2.mil.pl\\\/en\\\/#\\\/schema\\\/logo\\\/image\\\/\",\"url\":\"https:\\\/\\\/wzl2.mil.pl\\\/wp-content\\\/uploads\\\/cropped-logo_wzl-naglowek-e1679922458229.jpg\",\"contentUrl\":\"https:\\\/\\\/wzl2.mil.pl\\\/wp-content\\\/uploads\\\/cropped-logo_wzl-naglowek-e1679922458229.jpg\",\"width\":100,\"height\":100,\"caption\":\"Wojskowe Zak\u0142ady Lotnicze\"},\"image\":{\"@id\":\"https:\\\/\\\/wzl2.mil.pl\\\/en\\\/#\\\/schema\\\/logo\\\/image\\\/\"}}]}<\/script>\n<!-- \/ Yoast SEO plugin. -->","yoast_head_json":{"title":"Company Authorities - Wojskowe Zak\u0142ady Lotnicze","robots":{"index":"index","follow":"follow","max-snippet":"max-snippet:-1","max-image-preview":"max-image-preview:large","max-video-preview":"max-video-preview:-1"},"canonical":"https:\/\/wzl2.mil.pl\/en\/about-us\/company-authorities\/","og_locale":"en_US","og_type":"article","og_title":"Company Authorities - Wojskowe Zak\u0142ady Lotnicze","og_description":"SUPERVISORY BOARD Rafa\u0142 Harmoza Chairman of the Supervisory Board Andrzej \u017byluk Vice Chairman of the Supervisory Board Zofia Barbara Szalczyk Member of the Supervisory Board Ryszard Walerian D\u0119bski Member of the Supervisory Board Aleksandra Dziubek Member of the Supervisory Board Piotr Lizak Member of the Supervisory Board Tomasz Fortuna Member of the Supervisory Board Filip [&hellip;]","og_url":"https:\/\/wzl2.mil.pl\/en\/about-us\/company-authorities\/","og_site_name":"Wojskowe Zak\u0142ady Lotnicze","article_modified_time":"2026-02-02T10:45:30+00:00","twitter_card":"summary_large_image","twitter_misc":{"Est. reading time":"1 minute"},"schema":{"@context":"https:\/\/schema.org","@graph":[{"@type":"WebPage","@id":"https:\/\/wzl2.mil.pl\/en\/about-us\/company-authorities\/","url":"https:\/\/wzl2.mil.pl\/en\/about-us\/company-authorities\/","name":"Company Authorities - Wojskowe Zak\u0142ady Lotnicze","isPartOf":{"@id":"https:\/\/wzl2.mil.pl\/en\/#website"},"datePublished":"2020-06-22T13:25:42+00:00","dateModified":"2026-02-02T10:45:30+00:00","breadcrumb":{"@id":"https:\/\/wzl2.mil.pl\/en\/about-us\/company-authorities\/#breadcrumb"},"inLanguage":"en-US","potentialAction":[{"@type":"ReadAction","target":["https:\/\/wzl2.mil.pl\/en\/about-us\/company-authorities\/"]}]},{"@type":"BreadcrumbList","@id":"https:\/\/wzl2.mil.pl\/en\/about-us\/company-authorities\/#breadcrumb","itemListElement":[{"@type":"ListItem","position":1,"name":"Strona g\u0142\u00f3wna","item":"https:\/\/wzl2.mil.pl\/en\/"},{"@type":"ListItem","position":2,"name":"About Us","item":"https:\/\/wzl2.mil.pl\/en\/o-firmie\/"},{"@type":"ListItem","position":3,"name":"Company Authorities"}]},{"@type":"WebSite","@id":"https:\/\/wzl2.mil.pl\/en\/#website","url":"https:\/\/wzl2.mil.pl\/en\/","name":"Wojskowe Zak\u0142ady Lotnicze","description":"","publisher":{"@id":"https:\/\/wzl2.mil.pl\/en\/#organization"},"potentialAction":[{"@type":"SearchAction","target":{"@type":"EntryPoint","urlTemplate":"https:\/\/wzl2.mil.pl\/en\/?s={search_term_string}"},"query-input":{"@type":"PropertyValueSpecification","valueRequired":true,"valueName":"search_term_string"}}],"inLanguage":"en-US"},{"@type":"Organization","@id":"https:\/\/wzl2.mil.pl\/en\/#organization","name":"Wojskowe Zak\u0142ady Lotnicze","url":"https:\/\/wzl2.mil.pl\/en\/","logo":{"@type":"ImageObject","inLanguage":"en-US","@id":"https:\/\/wzl2.mil.pl\/en\/#\/schema\/logo\/image\/","url":"https:\/\/wzl2.mil.pl\/wp-content\/uploads\/cropped-logo_wzl-naglowek-e1679922458229.jpg","contentUrl":"https:\/\/wzl2.mil.pl\/wp-content\/uploads\/cropped-logo_wzl-naglowek-e1679922458229.jpg","width":100,"height":100,"caption":"Wojskowe Zak\u0142ady Lotnicze"},"image":{"@id":"https:\/\/wzl2.mil.pl\/en\/#\/schema\/logo\/image\/"}}]}},"_links":{"self":[{"href":"https:\/\/wzl2.mil.pl\/en\/wp-json\/wp\/v2\/pages\/4793","targetHints":{"allow":["GET"]}}],"collection":[{"href":"https:\/\/wzl2.mil.pl\/en\/wp-json\/wp\/v2\/pages"}],"about":[{"href":"https:\/\/wzl2.mil.pl\/en\/wp-json\/wp\/v2\/types\/page"}],"author":[{"embeddable":true,"href":"https:\/\/wzl2.mil.pl\/en\/wp-json\/wp\/v2\/users\/6"}],"replies":[{"embeddable":true,"href":"https:\/\/wzl2.mil.pl\/en\/wp-json\/wp\/v2\/comments?post=4793"}],"version-history":[{"count":221,"href":"https:\/\/wzl2.mil.pl\/en\/wp-json\/wp\/v2\/pages\/4793\/revisions"}],"predecessor-version":[{"id":16358,"href":"https:\/\/wzl2.mil.pl\/en\/wp-json\/wp\/v2\/pages\/4793\/revisions\/16358"}],"up":[{"embeddable":true,"href":"https:\/\/wzl2.mil.pl\/en\/wp-json\/wp\/v2\/pages\/4578"}],"wp:attachment":[{"href":"https:\/\/wzl2.mil.pl\/en\/wp-json\/wp\/v2\/media?parent=4793"}],"curies":[{"name":"wp","href":"https:\/\/api.w.org\/{rel}","templated":true}]}}