{"id":5026,"date":"2020-07-13T11:55:12","date_gmt":"2020-07-13T09:55:12","guid":{"rendered":"http:\/\/nowa.wzl2.mil.pl\/offer\/other-services\/produkcja-modulow-i-urzadzen-elektronicznych\/"},"modified":"2023-06-28T09:43:50","modified_gmt":"2023-06-28T07:43:50","slug":"production-of-electronic-modules","status":"publish","type":"page","link":"https:\/\/wzl2.mil.pl\/en\/offer\/other-services\/production-of-electronic-modules\/","title":{"rendered":"Production of electronic modules"},"content":{"rendered":"\t\t<div data-elementor-type=\"wp-page\" data-elementor-id=\"5026\" class=\"elementor elementor-5026 elementor-2532\" data-elementor-post-type=\"page\">\n\t\t\t\t\t\t<section class=\"elementor-section elementor-top-section elementor-element elementor-element-55b448db elementor-section-height-min-height elementor-section-boxed elementor-section-height-default elementor-section-items-middle\" data-id=\"55b448db\" data-element_type=\"section\" data-e-type=\"section\" data-settings=\"{&quot;background_background&quot;:&quot;classic&quot;}\">\n\t\t\t\t\t\t\t<div class=\"elementor-background-overlay\"><\/div>\n\t\t\t\t\t\t\t<div class=\"elementor-container elementor-column-gap-default\">\n\t\t\t\t\t<div class=\"elementor-column elementor-col-100 elementor-top-column elementor-element elementor-element-7e224266\" data-id=\"7e224266\" data-element_type=\"column\" data-e-type=\"column\">\n\t\t\t<div class=\"elementor-widget-wrap elementor-element-populated\">\n\t\t\t\t\t\t\t<\/div>\n\t\t<\/div>\n\t\t\t\t\t<\/div>\n\t\t<\/section>\n\t\t\t\t<section class=\"elementor-section elementor-top-section elementor-element elementor-element-4929a61 elementor-section-boxed elementor-section-height-default elementor-section-height-default\" data-id=\"4929a61\" data-element_type=\"section\" data-e-type=\"section\">\n\t\t\t\t\t\t<div class=\"elementor-container elementor-column-gap-default\">\n\t\t\t\t\t<div class=\"elementor-column elementor-col-100 elementor-top-column elementor-element elementor-element-a4dd580 elementor-invisible\" data-id=\"a4dd580\" data-element_type=\"column\" data-e-type=\"column\" data-settings=\"{&quot;animation&quot;:&quot;fadeIn&quot;}\">\n\t\t\t<div class=\"elementor-widget-wrap elementor-element-populated\">\n\t\t\t\t\t\t<div class=\"elementor-element elementor-element-f0f7023 elementor-widget elementor-widget-text-editor\" data-id=\"f0f7023\" data-element_type=\"widget\" data-e-type=\"widget\" data-widget_type=\"text-editor.default\">\n\t\t\t\t<div class=\"elementor-widget-container\">\n\t\t\t\t\t\t\t\t\t<p>Wojskowe Zak\u0142ady Lotnicze nr 2 S.A. posiadaj\u0105 pomieszczenia produkcyjne z niezb\u0119dnym wyposa\u017ceniem do produkcji modu\u0142\u00f3w oraz urz\u0105dze\u0144 elektronicznych. Zarz\u0105dzanie jako\u015bci\u0105 i proces produkcyjny przystosowane s\u0105 do nisko-seryjnej i prototypowej produkcji elektroniki lotniczej w technologii monta\u017cu powierzchniowego SMD oraz przewlekanego THT.<\/p>\n<p>\u00a0<\/p>\n<p>Dzi\u0119ki mo\u017cliwo\u015bciom WZL Nr 2 S.A. w zakresie opracowywania wymaga\u0144 technicznych, projektowania i symulacji uk\u0142ad\u00f3w elektronicznych, w zak\u0142adach przeprowadzany jest pe\u0142en cykl deweloperski \u201eod idei\u201d do finalnego produktu przy jednoczesnej pe\u0142nej kontroli procesu.<\/p>\n<p>\u00a0<\/p>\n<p>Monta\u017c modu\u0142\u00f3w oraz urz\u0105dze\u0144 elektronicznych odbywa si\u0119 w spos\u00f3b manualny oraz p\u00f3\u0142-automatyczny z wykorzystaniem automatycznej linii monta\u017cowej, drukarki szablonowej i pieca rozp\u0142ywowego.<\/p>\n\t\t\t\t\t\t\t\t<\/div>\n\t\t\t\t<\/div>\n\t\t\t\t<section class=\"elementor-section elementor-inner-section elementor-element elementor-element-516766e elementor-section-content-bottom elementor-section-boxed elementor-section-height-default elementor-section-height-default\" data-id=\"516766e\" data-element_type=\"section\" data-e-type=\"section\">\n\t\t\t\t\t\t<div class=\"elementor-container elementor-column-gap-default\">\n\t\t\t\t\t<div class=\"elementor-column elementor-col-33 elementor-inner-column elementor-element elementor-element-0135641\" data-id=\"0135641\" data-element_type=\"column\" data-e-type=\"column\">\n\t\t\t<div class=\"elementor-widget-wrap elementor-element-populated\">\n\t\t\t\t\t\t<div class=\"elementor-element elementor-element-71d495a elementor-widget elementor-widget-image\" data-id=\"71d495a\" data-element_type=\"widget\" data-e-type=\"widget\" data-widget_type=\"image.default\">\n\t\t\t\t<div class=\"elementor-widget-container\">\n\t\t\t\t\t\t\t\t\t\t\t\t\t\t\t<img fetchpriority=\"high\" decoding=\"async\" width=\"495\" height=\"371\" src=\"https:\/\/wzl2.mil.pl\/wp-content\/uploads\/automat1.jpg\" class=\"attachment-large size-large wp-image-4371\" alt=\"\" srcset=\"https:\/\/wzl2.mil.pl\/wp-content\/uploads\/automat1.jpg 495w, https:\/\/wzl2.mil.pl\/wp-content\/uploads\/automat1-300x225.jpg 300w, https:\/\/wzl2.mil.pl\/wp-content\/uploads\/automat1-150x112.jpg 150w\" sizes=\"(max-width: 495px) 100vw, 495px\" \/>\t\t\t\t\t\t\t\t\t\t\t\t\t\t\t<\/div>\n\t\t\t\t<\/div>\n\t\t\t\t<div class=\"elementor-element elementor-element-29e2a3a elementor-widget elementor-widget-text-editor\" data-id=\"29e2a3a\" data-element_type=\"widget\" data-e-type=\"widget\" data-widget_type=\"text-editor.default\">\n\t\t\t\t<div class=\"elementor-widget-container\">\n\t\t\t\t\t\t\t\t\t<p>SMD assembly machine<\/p>\n\t\t\t\t\t\t\t\t<\/div>\n\t\t\t\t<\/div>\n\t\t\t\t\t<\/div>\n\t\t<\/div>\n\t\t\t\t<div class=\"elementor-column elementor-col-33 elementor-inner-column elementor-element elementor-element-d264e90\" data-id=\"d264e90\" data-element_type=\"column\" data-e-type=\"column\">\n\t\t\t<div class=\"elementor-widget-wrap elementor-element-populated\">\n\t\t\t\t\t\t<div class=\"elementor-element elementor-element-b7c0c8c elementor-widget elementor-widget-image\" data-id=\"b7c0c8c\" data-element_type=\"widget\" data-e-type=\"widget\" data-widget_type=\"image.default\">\n\t\t\t\t<div class=\"elementor-widget-container\">\n\t\t\t\t\t\t\t\t\t\t\t\t\t\t\t<img decoding=\"async\" width=\"313\" height=\"287\" src=\"https:\/\/wzl2.mil.pl\/wp-content\/uploads\/automat2.jpg\" class=\"attachment-large size-large wp-image-4372\" alt=\"\" srcset=\"https:\/\/wzl2.mil.pl\/wp-content\/uploads\/automat2.jpg 313w, https:\/\/wzl2.mil.pl\/wp-content\/uploads\/automat2-300x275.jpg 300w, https:\/\/wzl2.mil.pl\/wp-content\/uploads\/automat2-150x138.jpg 150w\" sizes=\"(max-width: 313px) 100vw, 313px\" \/>\t\t\t\t\t\t\t\t\t\t\t\t\t\t\t<\/div>\n\t\t\t\t<\/div>\n\t\t\t\t<div class=\"elementor-element elementor-element-c77cc35 elementor-widget elementor-widget-text-editor\" data-id=\"c77cc35\" data-element_type=\"widget\" data-e-type=\"widget\" data-widget_type=\"text-editor.default\">\n\t\t\t\t<div class=\"elementor-widget-container\">\n\t\t\t\t\t\t\t\t\t<p>Automated ICT analogue signature tester<\/p>\n\t\t\t\t\t\t\t\t<\/div>\n\t\t\t\t<\/div>\n\t\t\t\t\t<\/div>\n\t\t<\/div>\n\t\t\t\t<div class=\"elementor-column elementor-col-33 elementor-inner-column elementor-element elementor-element-77a32f4\" data-id=\"77a32f4\" data-element_type=\"column\" data-e-type=\"column\">\n\t\t\t<div class=\"elementor-widget-wrap elementor-element-populated\">\n\t\t\t\t\t\t<div class=\"elementor-element elementor-element-b4f4fcc elementor-widget elementor-widget-image\" data-id=\"b4f4fcc\" data-element_type=\"widget\" data-e-type=\"widget\" data-widget_type=\"image.default\">\n\t\t\t\t<div class=\"elementor-widget-container\">\n\t\t\t\t\t\t\t\t\t\t\t\t\t\t\t<img decoding=\"async\" width=\"509\" height=\"441\" src=\"https:\/\/wzl2.mil.pl\/wp-content\/uploads\/automat3.png\" class=\"attachment-large size-large wp-image-4373\" alt=\"\" srcset=\"https:\/\/wzl2.mil.pl\/wp-content\/uploads\/automat3.png 509w, https:\/\/wzl2.mil.pl\/wp-content\/uploads\/automat3-300x260.png 300w, https:\/\/wzl2.mil.pl\/wp-content\/uploads\/automat3-150x130.png 150w\" sizes=\"(max-width: 509px) 100vw, 509px\" \/>\t\t\t\t\t\t\t\t\t\t\t\t\t\t\t<\/div>\n\t\t\t\t<\/div>\n\t\t\t\t<div class=\"elementor-element elementor-element-0e5439a elementor-widget elementor-widget-text-editor\" data-id=\"0e5439a\" data-element_type=\"widget\" data-e-type=\"widget\" data-widget_type=\"text-editor.default\">\n\t\t\t\t<div class=\"elementor-widget-container\">\n\t\t\t\t\t\t\t\t\t<p>Automated functional tester<\/p>\n\t\t\t\t\t\t\t\t<\/div>\n\t\t\t\t<\/div>\n\t\t\t\t\t<\/div>\n\t\t<\/div>\n\t\t\t\t\t<\/div>\n\t\t<\/section>\n\t\t\t\t\t<\/div>\n\t\t<\/div>\n\t\t\t\t\t<\/div>\n\t\t<\/section>\n\t\t\t\t<section class=\"elementor-section elementor-top-section elementor-element elementor-element-257e4216 elementor-section-boxed elementor-section-height-default elementor-section-height-default\" data-id=\"257e4216\" data-element_type=\"section\" data-e-type=\"section\">\n\t\t\t\t\t\t<div class=\"elementor-container elementor-column-gap-default\">\n\t\t\t\t\t<div class=\"elementor-column elementor-col-100 elementor-top-column elementor-element elementor-element-7ae57860 elementor-invisible\" data-id=\"7ae57860\" data-element_type=\"column\" data-e-type=\"column\" data-settings=\"{&quot;animation&quot;:&quot;fadeIn&quot;}\">\n\t\t\t<div class=\"elementor-widget-wrap elementor-element-populated\">\n\t\t\t\t\t\t<div class=\"elementor-element elementor-element-6682774 elementor-widget elementor-widget-heading\" data-id=\"6682774\" data-element_type=\"widget\" data-e-type=\"widget\" data-widget_type=\"heading.default\">\n\t\t\t\t<div class=\"elementor-widget-container\">\n\t\t\t\t\t<h5 class=\"elementor-heading-title elementor-size-default\">Informacje<\/h5>\t\t\t\t<\/div>\n\t\t\t\t<\/div>\n\t\t\t\t<div class=\"elementor-element elementor-element-2dec97c9 elementor-widget-divider--view-line elementor-invisible elementor-widget elementor-widget-divider\" data-id=\"2dec97c9\" data-element_type=\"widget\" data-e-type=\"widget\" data-settings=\"{&quot;_animation&quot;:&quot;fadeInLeft&quot;,&quot;_animation_delay&quot;:200}\" data-widget_type=\"divider.default\">\n\t\t\t\t<div class=\"elementor-widget-container\">\n\t\t\t\t\t\t\t<div class=\"elementor-divider\">\n\t\t\t<span class=\"elementor-divider-separator\">\n\t\t\t\t\t\t<\/span>\n\t\t<\/div>\n\t\t\t\t\t\t<\/div>\n\t\t\t\t<\/div>\n\t\t\t\t<div class=\"elementor-element elementor-element-50da9e0 bdrop elementor-widget elementor-widget-text-editor\" data-id=\"50da9e0\" data-element_type=\"widget\" data-e-type=\"widget\" data-widget_type=\"text-editor.default\">\n\t\t\t\t<div class=\"elementor-widget-container\">\n\t\t\t\t\t\t\t\t\t<p><strong>Piotr Biskup<\/strong><br \/>Kierownik PB<\/p>\n\t\t\t\t\t\t\t\t<\/div>\n\t\t\t\t<\/div>\n\t\t\t\t<div class=\"elementor-element elementor-element-473883ae elementor-widget__width-auto elementor-view-default elementor-widget elementor-widget-icon\" data-id=\"473883ae\" data-element_type=\"widget\" data-e-type=\"widget\" data-widget_type=\"icon.default\">\n\t\t\t\t<div class=\"elementor-widget-container\">\n\t\t\t\t\t\t\t<div class=\"elementor-icon-wrapper\">\n\t\t\t<div class=\"elementor-icon\">\n\t\t\t<i aria-hidden=\"true\" class=\"fas fa-phone\"><\/i>\t\t\t<\/div>\n\t\t<\/div>\n\t\t\t\t\t\t<\/div>\n\t\t\t\t<\/div>\n\t\t\t\t<div class=\"elementor-element elementor-element-4f6336e7 bdrop elementor-widget__width-auto elementor-widget elementor-widget-text-editor\" data-id=\"4f6336e7\" data-element_type=\"widget\" data-e-type=\"widget\" data-widget_type=\"text-editor.default\">\n\t\t\t\t<div class=\"elementor-widget-container\">\n\t\t\t\t\t\t\t\t\t<p>\/<\/p>\n\t\t\t\t\t\t\t\t<\/div>\n\t\t\t\t<\/div>\n\t\t\t\t<div class=\"elementor-element elementor-element-28891b83 elementor-widget__width-auto elementor-view-default elementor-widget elementor-widget-icon\" data-id=\"28891b83\" data-element_type=\"widget\" data-e-type=\"widget\" data-widget_type=\"icon.default\">\n\t\t\t\t<div class=\"elementor-widget-container\">\n\t\t\t\t\t\t\t<div class=\"elementor-icon-wrapper\">\n\t\t\t<div class=\"elementor-icon\">\n\t\t\t<i aria-hidden=\"true\" class=\"fas fa-fax\"><\/i>\t\t\t<\/div>\n\t\t<\/div>\n\t\t\t\t\t\t<\/div>\n\t\t\t\t<\/div>\n\t\t\t\t<div class=\"elementor-element elementor-element-33e5b871 drop9 elementor-widget__width-auto elementor-widget elementor-widget-text-editor\" data-id=\"33e5b871\" data-element_type=\"widget\" data-e-type=\"widget\" data-widget_type=\"text-editor.default\">\n\t\t\t\t<div class=\"elementor-widget-container\">\n\t\t\t\t\t\t\t\t\t<p><a href=\"tel:+48 52 36-28-770\">+48 52 36-28-770<\/a><\/p>\n\t\t\t\t\t\t\t\t<\/div>\n\t\t\t\t<\/div>\n\t\t\t\t<div class=\"elementor-element elementor-element-3cae2c19 elementor-mobile-align-center drop9 elementor-icon-list--layout-traditional elementor-list-item-link-full_width elementor-widget elementor-widget-icon-list\" data-id=\"3cae2c19\" data-element_type=\"widget\" data-e-type=\"widget\" data-widget_type=\"icon-list.default\">\n\t\t\t\t<div class=\"elementor-widget-container\">\n\t\t\t\t\t\t\t<ul class=\"elementor-icon-list-items\">\n\t\t\t\t\t\t\t<li class=\"elementor-icon-list-item\">\n\t\t\t\t\t\t\t\t\t\t\t<span class=\"elementor-icon-list-icon\">\n\t\t\t\t\t\t\t<i aria-hidden=\"true\" class=\"fas fa-envelope\"><\/i>\t\t\t\t\t\t<\/span>\n\t\t\t\t\t\t\t\t\t\t<span class=\"elementor-icon-list-text\"><a href=\"mailto:pb@wzl2.mil.pl\">pb@wzl2.mil.pl<\/a><\/span>\n\t\t\t\t\t\t\t\t\t<\/li>\n\t\t\t\t\t\t<\/ul>\n\t\t\t\t\t\t<\/div>\n\t\t\t\t<\/div>\n\t\t\t\t\t<\/div>\n\t\t<\/div>\n\t\t\t\t\t<\/div>\n\t\t<\/section>\n\t\t\t\t<\/div>\n\t\t","protected":false},"excerpt":{"rendered":"<p>Wojskowe Zak\u0142ady Lotnicze nr 2 S.A. posiadaj\u0105 pomieszczenia produkcyjne z niezb\u0119dnym wyposa\u017ceniem do produkcji modu\u0142\u00f3w oraz urz\u0105dze\u0144 elektronicznych. Zarz\u0105dzanie jako\u015bci\u0105 i proces produkcyjny przystosowane s\u0105 do nisko-seryjnej i prototypowej produkcji elektroniki lotniczej w technologii monta\u017cu powierzchniowego SMD oraz przewlekanego THT. \u00a0 Dzi\u0119ki mo\u017cliwo\u015bciom WZL Nr 2 S.A. w zakresie opracowywania wymaga\u0144 technicznych, projektowania i symulacji [&hellip;]<\/p>\n","protected":false},"author":6,"featured_media":0,"parent":4613,"menu_order":0,"comment_status":"closed","ping_status":"closed","template":"","meta":{"footnotes":""},"class_list":["post-5026","page","type-page","status-publish","hentry"],"yoast_head":"<!-- This site is optimized with the Yoast SEO plugin v27.3 - https:\/\/yoast.com\/product\/yoast-seo-wordpress\/ -->\n<title>Production of electronic modules - Wojskowe Zak\u0142ady Lotnicze<\/title>\n<meta name=\"robots\" content=\"index, follow, max-snippet:-1, max-image-preview:large, max-video-preview:-1\" \/>\n<link rel=\"canonical\" href=\"https:\/\/wzl2.mil.pl\/en\/offer\/other-services\/production-of-electronic-modules\/\" \/>\n<meta property=\"og:locale\" content=\"en_US\" \/>\n<meta property=\"og:type\" content=\"article\" \/>\n<meta property=\"og:title\" content=\"Production of electronic modules - Wojskowe Zak\u0142ady Lotnicze\" \/>\n<meta property=\"og:description\" content=\"Wojskowe Zak\u0142ady Lotnicze nr 2 S.A. posiadaj\u0105 pomieszczenia produkcyjne z niezb\u0119dnym wyposa\u017ceniem do produkcji modu\u0142\u00f3w oraz urz\u0105dze\u0144 elektronicznych. Zarz\u0105dzanie jako\u015bci\u0105 i proces produkcyjny przystosowane s\u0105 do nisko-seryjnej i prototypowej produkcji elektroniki lotniczej w technologii monta\u017cu powierzchniowego SMD oraz przewlekanego THT. \u00a0 Dzi\u0119ki mo\u017cliwo\u015bciom WZL Nr 2 S.A. w zakresie opracowywania wymaga\u0144 technicznych, projektowania i symulacji [&hellip;]\" \/>\n<meta property=\"og:url\" content=\"https:\/\/wzl2.mil.pl\/en\/offer\/other-services\/production-of-electronic-modules\/\" \/>\n<meta property=\"og:site_name\" content=\"Wojskowe Zak\u0142ady Lotnicze\" \/>\n<meta property=\"article:modified_time\" content=\"2023-06-28T07:43:50+00:00\" \/>\n<meta property=\"og:image\" content=\"https:\/\/wzl2.mil.pl\/wp-content\/uploads\/automat1.jpg\" \/>\n<meta name=\"twitter:card\" content=\"summary_large_image\" \/>\n<meta name=\"twitter:label1\" content=\"Est. reading time\" \/>\n\t<meta name=\"twitter:data1\" content=\"1 minute\" \/>\n<script type=\"application\/ld+json\" class=\"yoast-schema-graph\">{\"@context\":\"https:\\\/\\\/schema.org\",\"@graph\":[{\"@type\":\"WebPage\",\"@id\":\"https:\\\/\\\/wzl2.mil.pl\\\/en\\\/offer\\\/other-services\\\/production-of-electronic-modules\\\/\",\"url\":\"https:\\\/\\\/wzl2.mil.pl\\\/en\\\/offer\\\/other-services\\\/production-of-electronic-modules\\\/\",\"name\":\"Production of electronic modules - Wojskowe Zak\u0142ady Lotnicze\",\"isPartOf\":{\"@id\":\"https:\\\/\\\/wzl2.mil.pl\\\/en\\\/#website\"},\"primaryImageOfPage\":{\"@id\":\"https:\\\/\\\/wzl2.mil.pl\\\/en\\\/offer\\\/other-services\\\/production-of-electronic-modules\\\/#primaryimage\"},\"image\":{\"@id\":\"https:\\\/\\\/wzl2.mil.pl\\\/en\\\/offer\\\/other-services\\\/production-of-electronic-modules\\\/#primaryimage\"},\"thumbnailUrl\":\"https:\\\/\\\/wzl2.mil.pl\\\/wp-content\\\/uploads\\\/automat1.jpg\",\"datePublished\":\"2020-07-13T09:55:12+00:00\",\"dateModified\":\"2023-06-28T07:43:50+00:00\",\"breadcrumb\":{\"@id\":\"https:\\\/\\\/wzl2.mil.pl\\\/en\\\/offer\\\/other-services\\\/production-of-electronic-modules\\\/#breadcrumb\"},\"inLanguage\":\"en-US\",\"potentialAction\":[{\"@type\":\"ReadAction\",\"target\":[\"https:\\\/\\\/wzl2.mil.pl\\\/en\\\/offer\\\/other-services\\\/production-of-electronic-modules\\\/\"]}]},{\"@type\":\"ImageObject\",\"inLanguage\":\"en-US\",\"@id\":\"https:\\\/\\\/wzl2.mil.pl\\\/en\\\/offer\\\/other-services\\\/production-of-electronic-modules\\\/#primaryimage\",\"url\":\"https:\\\/\\\/wzl2.mil.pl\\\/wp-content\\\/uploads\\\/automat1.jpg\",\"contentUrl\":\"https:\\\/\\\/wzl2.mil.pl\\\/wp-content\\\/uploads\\\/automat1.jpg\"},{\"@type\":\"BreadcrumbList\",\"@id\":\"https:\\\/\\\/wzl2.mil.pl\\\/en\\\/offer\\\/other-services\\\/production-of-electronic-modules\\\/#breadcrumb\",\"itemListElement\":[{\"@type\":\"ListItem\",\"position\":1,\"name\":\"Strona g\u0142\u00f3wna\",\"item\":\"https:\\\/\\\/wzl2.mil.pl\\\/en\\\/\"},{\"@type\":\"ListItem\",\"position\":2,\"name\":\"Offer\",\"item\":\"https:\\\/\\\/wzl2.mil.pl\\\/en\\\/offer\\\/\"},{\"@type\":\"ListItem\",\"position\":3,\"name\":\"Other Services\",\"item\":\"https:\\\/\\\/wzl2.mil.pl\\\/en\\\/offer\\\/other-services\\\/\"},{\"@type\":\"ListItem\",\"position\":4,\"name\":\"Production of electronic modules\"}]},{\"@type\":\"WebSite\",\"@id\":\"https:\\\/\\\/wzl2.mil.pl\\\/en\\\/#website\",\"url\":\"https:\\\/\\\/wzl2.mil.pl\\\/en\\\/\",\"name\":\"Wojskowe Zak\u0142ady Lotnicze\",\"description\":\"\",\"publisher\":{\"@id\":\"https:\\\/\\\/wzl2.mil.pl\\\/en\\\/#organization\"},\"potentialAction\":[{\"@type\":\"SearchAction\",\"target\":{\"@type\":\"EntryPoint\",\"urlTemplate\":\"https:\\\/\\\/wzl2.mil.pl\\\/en\\\/?s={search_term_string}\"},\"query-input\":{\"@type\":\"PropertyValueSpecification\",\"valueRequired\":true,\"valueName\":\"search_term_string\"}}],\"inLanguage\":\"en-US\"},{\"@type\":\"Organization\",\"@id\":\"https:\\\/\\\/wzl2.mil.pl\\\/en\\\/#organization\",\"name\":\"Wojskowe Zak\u0142ady Lotnicze\",\"url\":\"https:\\\/\\\/wzl2.mil.pl\\\/en\\\/\",\"logo\":{\"@type\":\"ImageObject\",\"inLanguage\":\"en-US\",\"@id\":\"https:\\\/\\\/wzl2.mil.pl\\\/en\\\/#\\\/schema\\\/logo\\\/image\\\/\",\"url\":\"https:\\\/\\\/wzl2.mil.pl\\\/wp-content\\\/uploads\\\/cropped-logo_wzl-naglowek-e1679922458229.jpg\",\"contentUrl\":\"https:\\\/\\\/wzl2.mil.pl\\\/wp-content\\\/uploads\\\/cropped-logo_wzl-naglowek-e1679922458229.jpg\",\"width\":100,\"height\":100,\"caption\":\"Wojskowe Zak\u0142ady Lotnicze\"},\"image\":{\"@id\":\"https:\\\/\\\/wzl2.mil.pl\\\/en\\\/#\\\/schema\\\/logo\\\/image\\\/\"}}]}<\/script>\n<!-- \/ Yoast SEO plugin. -->","yoast_head_json":{"title":"Production of electronic modules - Wojskowe Zak\u0142ady Lotnicze","robots":{"index":"index","follow":"follow","max-snippet":"max-snippet:-1","max-image-preview":"max-image-preview:large","max-video-preview":"max-video-preview:-1"},"canonical":"https:\/\/wzl2.mil.pl\/en\/offer\/other-services\/production-of-electronic-modules\/","og_locale":"en_US","og_type":"article","og_title":"Production of electronic modules - Wojskowe Zak\u0142ady Lotnicze","og_description":"Wojskowe Zak\u0142ady Lotnicze nr 2 S.A. posiadaj\u0105 pomieszczenia produkcyjne z niezb\u0119dnym wyposa\u017ceniem do produkcji modu\u0142\u00f3w oraz urz\u0105dze\u0144 elektronicznych. Zarz\u0105dzanie jako\u015bci\u0105 i proces produkcyjny przystosowane s\u0105 do nisko-seryjnej i prototypowej produkcji elektroniki lotniczej w technologii monta\u017cu powierzchniowego SMD oraz przewlekanego THT. \u00a0 Dzi\u0119ki mo\u017cliwo\u015bciom WZL Nr 2 S.A. w zakresie opracowywania wymaga\u0144 technicznych, projektowania i symulacji [&hellip;]","og_url":"https:\/\/wzl2.mil.pl\/en\/offer\/other-services\/production-of-electronic-modules\/","og_site_name":"Wojskowe Zak\u0142ady Lotnicze","article_modified_time":"2023-06-28T07:43:50+00:00","og_image":[{"url":"https:\/\/wzl2.mil.pl\/wp-content\/uploads\/automat1.jpg","type":"","width":"","height":""}],"twitter_card":"summary_large_image","twitter_misc":{"Est. reading time":"1 minute"},"schema":{"@context":"https:\/\/schema.org","@graph":[{"@type":"WebPage","@id":"https:\/\/wzl2.mil.pl\/en\/offer\/other-services\/production-of-electronic-modules\/","url":"https:\/\/wzl2.mil.pl\/en\/offer\/other-services\/production-of-electronic-modules\/","name":"Production of electronic modules - Wojskowe Zak\u0142ady Lotnicze","isPartOf":{"@id":"https:\/\/wzl2.mil.pl\/en\/#website"},"primaryImageOfPage":{"@id":"https:\/\/wzl2.mil.pl\/en\/offer\/other-services\/production-of-electronic-modules\/#primaryimage"},"image":{"@id":"https:\/\/wzl2.mil.pl\/en\/offer\/other-services\/production-of-electronic-modules\/#primaryimage"},"thumbnailUrl":"https:\/\/wzl2.mil.pl\/wp-content\/uploads\/automat1.jpg","datePublished":"2020-07-13T09:55:12+00:00","dateModified":"2023-06-28T07:43:50+00:00","breadcrumb":{"@id":"https:\/\/wzl2.mil.pl\/en\/offer\/other-services\/production-of-electronic-modules\/#breadcrumb"},"inLanguage":"en-US","potentialAction":[{"@type":"ReadAction","target":["https:\/\/wzl2.mil.pl\/en\/offer\/other-services\/production-of-electronic-modules\/"]}]},{"@type":"ImageObject","inLanguage":"en-US","@id":"https:\/\/wzl2.mil.pl\/en\/offer\/other-services\/production-of-electronic-modules\/#primaryimage","url":"https:\/\/wzl2.mil.pl\/wp-content\/uploads\/automat1.jpg","contentUrl":"https:\/\/wzl2.mil.pl\/wp-content\/uploads\/automat1.jpg"},{"@type":"BreadcrumbList","@id":"https:\/\/wzl2.mil.pl\/en\/offer\/other-services\/production-of-electronic-modules\/#breadcrumb","itemListElement":[{"@type":"ListItem","position":1,"name":"Strona g\u0142\u00f3wna","item":"https:\/\/wzl2.mil.pl\/en\/"},{"@type":"ListItem","position":2,"name":"Offer","item":"https:\/\/wzl2.mil.pl\/en\/offer\/"},{"@type":"ListItem","position":3,"name":"Other Services","item":"https:\/\/wzl2.mil.pl\/en\/offer\/other-services\/"},{"@type":"ListItem","position":4,"name":"Production of electronic modules"}]},{"@type":"WebSite","@id":"https:\/\/wzl2.mil.pl\/en\/#website","url":"https:\/\/wzl2.mil.pl\/en\/","name":"Wojskowe Zak\u0142ady Lotnicze","description":"","publisher":{"@id":"https:\/\/wzl2.mil.pl\/en\/#organization"},"potentialAction":[{"@type":"SearchAction","target":{"@type":"EntryPoint","urlTemplate":"https:\/\/wzl2.mil.pl\/en\/?s={search_term_string}"},"query-input":{"@type":"PropertyValueSpecification","valueRequired":true,"valueName":"search_term_string"}}],"inLanguage":"en-US"},{"@type":"Organization","@id":"https:\/\/wzl2.mil.pl\/en\/#organization","name":"Wojskowe Zak\u0142ady Lotnicze","url":"https:\/\/wzl2.mil.pl\/en\/","logo":{"@type":"ImageObject","inLanguage":"en-US","@id":"https:\/\/wzl2.mil.pl\/en\/#\/schema\/logo\/image\/","url":"https:\/\/wzl2.mil.pl\/wp-content\/uploads\/cropped-logo_wzl-naglowek-e1679922458229.jpg","contentUrl":"https:\/\/wzl2.mil.pl\/wp-content\/uploads\/cropped-logo_wzl-naglowek-e1679922458229.jpg","width":100,"height":100,"caption":"Wojskowe Zak\u0142ady Lotnicze"},"image":{"@id":"https:\/\/wzl2.mil.pl\/en\/#\/schema\/logo\/image\/"}}]}},"_links":{"self":[{"href":"https:\/\/wzl2.mil.pl\/en\/wp-json\/wp\/v2\/pages\/5026","targetHints":{"allow":["GET"]}}],"collection":[{"href":"https:\/\/wzl2.mil.pl\/en\/wp-json\/wp\/v2\/pages"}],"about":[{"href":"https:\/\/wzl2.mil.pl\/en\/wp-json\/wp\/v2\/types\/page"}],"author":[{"embeddable":true,"href":"https:\/\/wzl2.mil.pl\/en\/wp-json\/wp\/v2\/users\/6"}],"replies":[{"embeddable":true,"href":"https:\/\/wzl2.mil.pl\/en\/wp-json\/wp\/v2\/comments?post=5026"}],"version-history":[{"count":3,"href":"https:\/\/wzl2.mil.pl\/en\/wp-json\/wp\/v2\/pages\/5026\/revisions"}],"predecessor-version":[{"id":8774,"href":"https:\/\/wzl2.mil.pl\/en\/wp-json\/wp\/v2\/pages\/5026\/revisions\/8774"}],"up":[{"embeddable":true,"href":"https:\/\/wzl2.mil.pl\/en\/wp-json\/wp\/v2\/pages\/4613"}],"wp:attachment":[{"href":"https:\/\/wzl2.mil.pl\/en\/wp-json\/wp\/v2\/media?parent=5026"}],"curies":[{"name":"wp","href":"https:\/\/api.w.org\/{rel}","templated":true}]}}