{"id":5113,"date":"2020-07-13T12:52:08","date_gmt":"2020-07-13T10:52:08","guid":{"rendered":"http:\/\/nowa.wzl2.mil.pl\/offer\/electroplating-shop\/pasywacja-stali-miedzi-stopow\/"},"modified":"2020-10-16T09:37:26","modified_gmt":"2020-10-16T07:37:26","slug":"pasywacja-stali-miedzi-stopow","status":"publish","type":"page","link":"https:\/\/wzl2.mil.pl\/en\/offer\/electroplating-shop\/pasywacja-stali-miedzi-stopow\/","title":{"rendered":"Pasywacja stali"},"content":{"rendered":"\t\t<div data-elementor-type=\"wp-page\" data-elementor-id=\"5113\" class=\"elementor elementor-5113 elementor-2580\" data-elementor-post-type=\"page\">\n\t\t\t\t\t\t<section class=\"elementor-section elementor-top-section elementor-element elementor-element-7a6000d5 elementor-section-height-min-height elementor-section-boxed elementor-section-height-default elementor-section-items-middle\" data-id=\"7a6000d5\" data-element_type=\"section\" data-e-type=\"section\" data-settings=\"{&quot;background_background&quot;:&quot;classic&quot;}\">\n\t\t\t\t\t\t\t<div class=\"elementor-background-overlay\"><\/div>\n\t\t\t\t\t\t\t<div class=\"elementor-container elementor-column-gap-default\">\n\t\t\t\t\t<div class=\"elementor-column elementor-col-100 elementor-top-column elementor-element elementor-element-71165f6e\" data-id=\"71165f6e\" data-element_type=\"column\" data-e-type=\"column\">\n\t\t\t<div class=\"elementor-widget-wrap elementor-element-populated\">\n\t\t\t\t\t\t\t<\/div>\n\t\t<\/div>\n\t\t\t\t\t<\/div>\n\t\t<\/section>\n\t\t\t\t<section class=\"elementor-section elementor-top-section elementor-element elementor-element-4929a61 elementor-section-boxed elementor-section-height-default elementor-section-height-default\" data-id=\"4929a61\" data-element_type=\"section\" data-e-type=\"section\">\n\t\t\t\t\t\t<div class=\"elementor-container elementor-column-gap-default\">\n\t\t\t\t\t<div class=\"elementor-column elementor-col-100 elementor-top-column elementor-element elementor-element-a4dd580 elementor-invisible\" data-id=\"a4dd580\" data-element_type=\"column\" data-e-type=\"column\" data-settings=\"{&quot;animation&quot;:&quot;fadeIn&quot;}\">\n\t\t\t<div class=\"elementor-widget-wrap elementor-element-populated\">\n\t\t\t\t\t\t<div class=\"elementor-element elementor-element-f0f7023 elementor-widget elementor-widget-text-editor\" data-id=\"f0f7023\" data-element_type=\"widget\" data-e-type=\"widget\" data-widget_type=\"text-editor.default\">\n\t\t\t\t<div class=\"elementor-widget-container\">\n\t\t\t\t\t\t\t\t\t<p>Naturalnie tworzona na powierzchni stali, miedzi szczelna warstwa tlenk\u00f3w chroni\u0105ca metal przed korozj\u0105 jest bardzo cienka i podatna na wszelkie uszkodzenia. W niesprzyjaj\u0105cych warunkach (wilgotno\u015b\u0107, zasolenie itp.) uszkodzona pasywna warstewka nie ma mo\u017cliwo\u015bci odbudowania si\u0119, co stanowi pocz\u0105tek korozji. W tej sytuacji proces chemicznej pasywacji jest jedyn\u0105 skuteczn\u0105 metod\u0105 zabezpieczania antykorozyjnego powierzchni. Chemiczna pasywacja prowadzi do oko\u0142o dziesi\u0119ciokrotnego wzrostu grubo\u015bci ochronnej warstwy tlenk\u00f3w na powierzchni detalu. Warstwa ta jest twarda i szczelna, nie \u0142uszczy si\u0119 i od\u0142upuje a&nbsp;co za tym idzie trwale izoluje metal bazowy od korozyjnego wp\u0142ywu \u015brodowiska. Pasywacja nie wp\u0142ywa na kszta\u0142t obrabianej powierzchni a jedynie zmienia jej w\u0142a\u015bciwo\u015bci antykorozyjne. Gatunki stali, kt\u00f3re mo\u017cemy podda\u0107 pasywacji: 1H18N9T, 3H13, H17N2, X6CrNiTi18\u201310, 14H17N2, 15-5 PH. We wszystkich innych przypadkach pasywacj\u0119 mo\u017cemy wykona\u0107 po przeprowadzeniu pr\u00f3b na materiale dostarczonym przez Klienta.<\/p>\n<p><strong>Maksymalne wymiary detali:<\/strong> 600[mm] x 500[mm] x 800[mm].<\/p>\t\t\t\t\t\t\t\t<\/div>\n\t\t\t\t<\/div>\n\t\t\t\t\t<\/div>\n\t\t<\/div>\n\t\t\t\t\t<\/div>\n\t\t<\/section>\n\t\t\t\t<\/div>\n\t\t","protected":false},"excerpt":{"rendered":"<p>Naturalnie tworzona na powierzchni stali, miedzi szczelna warstwa tlenk\u00f3w chroni\u0105ca metal przed korozj\u0105 jest bardzo cienka i podatna na wszelkie uszkodzenia. W niesprzyjaj\u0105cych warunkach (wilgotno\u015b\u0107, zasolenie itp.) uszkodzona pasywna warstewka nie ma mo\u017cliwo\u015bci odbudowania si\u0119, co stanowi pocz\u0105tek korozji. W tej sytuacji proces chemicznej pasywacji jest jedyn\u0105 skuteczn\u0105 metod\u0105 zabezpieczania antykorozyjnego powierzchni. Chemiczna pasywacja prowadzi [&hellip;]<\/p>\n","protected":false},"author":6,"featured_media":0,"parent":4812,"menu_order":0,"comment_status":"closed","ping_status":"closed","template":"","meta":{"footnotes":""},"class_list":["post-5113","page","type-page","status-publish","hentry"],"yoast_head":"<!-- This site is optimized with the Yoast SEO plugin v27.3 - https:\/\/yoast.com\/product\/yoast-seo-wordpress\/ -->\n<title>Pasywacja stali - Wojskowe Zak\u0142ady Lotnicze<\/title>\n<meta name=\"robots\" content=\"index, follow, max-snippet:-1, max-image-preview:large, max-video-preview:-1\" \/>\n<link rel=\"canonical\" href=\"https:\/\/wzl2.mil.pl\/en\/offer\/electroplating-shop\/pasywacja-stali-miedzi-stopow\/\" \/>\n<meta property=\"og:locale\" content=\"en_US\" \/>\n<meta property=\"og:type\" content=\"article\" \/>\n<meta property=\"og:title\" content=\"Pasywacja stali - Wojskowe Zak\u0142ady Lotnicze\" \/>\n<meta property=\"og:description\" content=\"Naturalnie tworzona na powierzchni stali, miedzi szczelna warstwa tlenk\u00f3w chroni\u0105ca metal przed korozj\u0105 jest bardzo cienka i podatna na wszelkie uszkodzenia. W niesprzyjaj\u0105cych warunkach (wilgotno\u015b\u0107, zasolenie itp.) uszkodzona pasywna warstewka nie ma mo\u017cliwo\u015bci odbudowania si\u0119, co stanowi pocz\u0105tek korozji. W tej sytuacji proces chemicznej pasywacji jest jedyn\u0105 skuteczn\u0105 metod\u0105 zabezpieczania antykorozyjnego powierzchni. Chemiczna pasywacja prowadzi [&hellip;]\" \/>\n<meta property=\"og:url\" content=\"https:\/\/wzl2.mil.pl\/en\/offer\/electroplating-shop\/pasywacja-stali-miedzi-stopow\/\" \/>\n<meta property=\"og:site_name\" content=\"Wojskowe Zak\u0142ady Lotnicze\" \/>\n<meta property=\"article:modified_time\" content=\"2020-10-16T07:37:26+00:00\" \/>\n<meta name=\"twitter:card\" content=\"summary_large_image\" \/>\n<meta name=\"twitter:label1\" content=\"Est. reading time\" \/>\n\t<meta name=\"twitter:data1\" content=\"1 minute\" \/>\n<script type=\"application\/ld+json\" class=\"yoast-schema-graph\">{\"@context\":\"https:\\\/\\\/schema.org\",\"@graph\":[{\"@type\":\"WebPage\",\"@id\":\"https:\\\/\\\/wzl2.mil.pl\\\/en\\\/offer\\\/electroplating-shop\\\/pasywacja-stali-miedzi-stopow\\\/\",\"url\":\"https:\\\/\\\/wzl2.mil.pl\\\/en\\\/offer\\\/electroplating-shop\\\/pasywacja-stali-miedzi-stopow\\\/\",\"name\":\"Pasywacja stali - Wojskowe Zak\u0142ady Lotnicze\",\"isPartOf\":{\"@id\":\"https:\\\/\\\/wzl2.mil.pl\\\/en\\\/#website\"},\"datePublished\":\"2020-07-13T10:52:08+00:00\",\"dateModified\":\"2020-10-16T07:37:26+00:00\",\"breadcrumb\":{\"@id\":\"https:\\\/\\\/wzl2.mil.pl\\\/en\\\/offer\\\/electroplating-shop\\\/pasywacja-stali-miedzi-stopow\\\/#breadcrumb\"},\"inLanguage\":\"en-US\",\"potentialAction\":[{\"@type\":\"ReadAction\",\"target\":[\"https:\\\/\\\/wzl2.mil.pl\\\/en\\\/offer\\\/electroplating-shop\\\/pasywacja-stali-miedzi-stopow\\\/\"]}]},{\"@type\":\"BreadcrumbList\",\"@id\":\"https:\\\/\\\/wzl2.mil.pl\\\/en\\\/offer\\\/electroplating-shop\\\/pasywacja-stali-miedzi-stopow\\\/#breadcrumb\",\"itemListElement\":[{\"@type\":\"ListItem\",\"position\":1,\"name\":\"Strona g\u0142\u00f3wna\",\"item\":\"https:\\\/\\\/wzl2.mil.pl\\\/en\\\/\"},{\"@type\":\"ListItem\",\"position\":2,\"name\":\"Offer\",\"item\":\"https:\\\/\\\/wzl2.mil.pl\\\/en\\\/offer\\\/\"},{\"@type\":\"ListItem\",\"position\":3,\"name\":\"Electroplating Shop\",\"item\":\"https:\\\/\\\/wzl2.mil.pl\\\/en\\\/offer\\\/electroplating-shop\\\/\"},{\"@type\":\"ListItem\",\"position\":4,\"name\":\"Pasywacja stali\"}]},{\"@type\":\"WebSite\",\"@id\":\"https:\\\/\\\/wzl2.mil.pl\\\/en\\\/#website\",\"url\":\"https:\\\/\\\/wzl2.mil.pl\\\/en\\\/\",\"name\":\"Wojskowe Zak\u0142ady Lotnicze\",\"description\":\"\",\"publisher\":{\"@id\":\"https:\\\/\\\/wzl2.mil.pl\\\/en\\\/#organization\"},\"potentialAction\":[{\"@type\":\"SearchAction\",\"target\":{\"@type\":\"EntryPoint\",\"urlTemplate\":\"https:\\\/\\\/wzl2.mil.pl\\\/en\\\/?s={search_term_string}\"},\"query-input\":{\"@type\":\"PropertyValueSpecification\",\"valueRequired\":true,\"valueName\":\"search_term_string\"}}],\"inLanguage\":\"en-US\"},{\"@type\":\"Organization\",\"@id\":\"https:\\\/\\\/wzl2.mil.pl\\\/en\\\/#organization\",\"name\":\"Wojskowe Zak\u0142ady Lotnicze\",\"url\":\"https:\\\/\\\/wzl2.mil.pl\\\/en\\\/\",\"logo\":{\"@type\":\"ImageObject\",\"inLanguage\":\"en-US\",\"@id\":\"https:\\\/\\\/wzl2.mil.pl\\\/en\\\/#\\\/schema\\\/logo\\\/image\\\/\",\"url\":\"https:\\\/\\\/wzl2.mil.pl\\\/wp-content\\\/uploads\\\/cropped-logo_wzl-naglowek-e1679922458229.jpg\",\"contentUrl\":\"https:\\\/\\\/wzl2.mil.pl\\\/wp-content\\\/uploads\\\/cropped-logo_wzl-naglowek-e1679922458229.jpg\",\"width\":100,\"height\":100,\"caption\":\"Wojskowe Zak\u0142ady Lotnicze\"},\"image\":{\"@id\":\"https:\\\/\\\/wzl2.mil.pl\\\/en\\\/#\\\/schema\\\/logo\\\/image\\\/\"}}]}<\/script>\n<!-- \/ Yoast SEO plugin. -->","yoast_head_json":{"title":"Pasywacja stali - Wojskowe Zak\u0142ady Lotnicze","robots":{"index":"index","follow":"follow","max-snippet":"max-snippet:-1","max-image-preview":"max-image-preview:large","max-video-preview":"max-video-preview:-1"},"canonical":"https:\/\/wzl2.mil.pl\/en\/offer\/electroplating-shop\/pasywacja-stali-miedzi-stopow\/","og_locale":"en_US","og_type":"article","og_title":"Pasywacja stali - Wojskowe Zak\u0142ady Lotnicze","og_description":"Naturalnie tworzona na powierzchni stali, miedzi szczelna warstwa tlenk\u00f3w chroni\u0105ca metal przed korozj\u0105 jest bardzo cienka i podatna na wszelkie uszkodzenia. W niesprzyjaj\u0105cych warunkach (wilgotno\u015b\u0107, zasolenie itp.) uszkodzona pasywna warstewka nie ma mo\u017cliwo\u015bci odbudowania si\u0119, co stanowi pocz\u0105tek korozji. W tej sytuacji proces chemicznej pasywacji jest jedyn\u0105 skuteczn\u0105 metod\u0105 zabezpieczania antykorozyjnego powierzchni. Chemiczna pasywacja prowadzi [&hellip;]","og_url":"https:\/\/wzl2.mil.pl\/en\/offer\/electroplating-shop\/pasywacja-stali-miedzi-stopow\/","og_site_name":"Wojskowe Zak\u0142ady Lotnicze","article_modified_time":"2020-10-16T07:37:26+00:00","twitter_card":"summary_large_image","twitter_misc":{"Est. reading time":"1 minute"},"schema":{"@context":"https:\/\/schema.org","@graph":[{"@type":"WebPage","@id":"https:\/\/wzl2.mil.pl\/en\/offer\/electroplating-shop\/pasywacja-stali-miedzi-stopow\/","url":"https:\/\/wzl2.mil.pl\/en\/offer\/electroplating-shop\/pasywacja-stali-miedzi-stopow\/","name":"Pasywacja stali - Wojskowe Zak\u0142ady Lotnicze","isPartOf":{"@id":"https:\/\/wzl2.mil.pl\/en\/#website"},"datePublished":"2020-07-13T10:52:08+00:00","dateModified":"2020-10-16T07:37:26+00:00","breadcrumb":{"@id":"https:\/\/wzl2.mil.pl\/en\/offer\/electroplating-shop\/pasywacja-stali-miedzi-stopow\/#breadcrumb"},"inLanguage":"en-US","potentialAction":[{"@type":"ReadAction","target":["https:\/\/wzl2.mil.pl\/en\/offer\/electroplating-shop\/pasywacja-stali-miedzi-stopow\/"]}]},{"@type":"BreadcrumbList","@id":"https:\/\/wzl2.mil.pl\/en\/offer\/electroplating-shop\/pasywacja-stali-miedzi-stopow\/#breadcrumb","itemListElement":[{"@type":"ListItem","position":1,"name":"Strona g\u0142\u00f3wna","item":"https:\/\/wzl2.mil.pl\/en\/"},{"@type":"ListItem","position":2,"name":"Offer","item":"https:\/\/wzl2.mil.pl\/en\/offer\/"},{"@type":"ListItem","position":3,"name":"Electroplating Shop","item":"https:\/\/wzl2.mil.pl\/en\/offer\/electroplating-shop\/"},{"@type":"ListItem","position":4,"name":"Pasywacja stali"}]},{"@type":"WebSite","@id":"https:\/\/wzl2.mil.pl\/en\/#website","url":"https:\/\/wzl2.mil.pl\/en\/","name":"Wojskowe Zak\u0142ady Lotnicze","description":"","publisher":{"@id":"https:\/\/wzl2.mil.pl\/en\/#organization"},"potentialAction":[{"@type":"SearchAction","target":{"@type":"EntryPoint","urlTemplate":"https:\/\/wzl2.mil.pl\/en\/?s={search_term_string}"},"query-input":{"@type":"PropertyValueSpecification","valueRequired":true,"valueName":"search_term_string"}}],"inLanguage":"en-US"},{"@type":"Organization","@id":"https:\/\/wzl2.mil.pl\/en\/#organization","name":"Wojskowe Zak\u0142ady Lotnicze","url":"https:\/\/wzl2.mil.pl\/en\/","logo":{"@type":"ImageObject","inLanguage":"en-US","@id":"https:\/\/wzl2.mil.pl\/en\/#\/schema\/logo\/image\/","url":"https:\/\/wzl2.mil.pl\/wp-content\/uploads\/cropped-logo_wzl-naglowek-e1679922458229.jpg","contentUrl":"https:\/\/wzl2.mil.pl\/wp-content\/uploads\/cropped-logo_wzl-naglowek-e1679922458229.jpg","width":100,"height":100,"caption":"Wojskowe Zak\u0142ady Lotnicze"},"image":{"@id":"https:\/\/wzl2.mil.pl\/en\/#\/schema\/logo\/image\/"}}]}},"_links":{"self":[{"href":"https:\/\/wzl2.mil.pl\/en\/wp-json\/wp\/v2\/pages\/5113","targetHints":{"allow":["GET"]}}],"collection":[{"href":"https:\/\/wzl2.mil.pl\/en\/wp-json\/wp\/v2\/pages"}],"about":[{"href":"https:\/\/wzl2.mil.pl\/en\/wp-json\/wp\/v2\/types\/page"}],"author":[{"embeddable":true,"href":"https:\/\/wzl2.mil.pl\/en\/wp-json\/wp\/v2\/users\/6"}],"replies":[{"embeddable":true,"href":"https:\/\/wzl2.mil.pl\/en\/wp-json\/wp\/v2\/comments?post=5113"}],"version-history":[{"count":3,"href":"https:\/\/wzl2.mil.pl\/en\/wp-json\/wp\/v2\/pages\/5113\/revisions"}],"predecessor-version":[{"id":5852,"href":"https:\/\/wzl2.mil.pl\/en\/wp-json\/wp\/v2\/pages\/5113\/revisions\/5852"}],"up":[{"embeddable":true,"href":"https:\/\/wzl2.mil.pl\/en\/wp-json\/wp\/v2\/pages\/4812"}],"wp:attachment":[{"href":"https:\/\/wzl2.mil.pl\/en\/wp-json\/wp\/v2\/media?parent=5113"}],"curies":[{"name":"wp","href":"https:\/\/api.w.org\/{rel}","templated":true}]}}